{"id":98970,"date":"2026-04-21T22:56:03","date_gmt":"2026-04-21T20:56:03","guid":{"rendered":"https:\/\/namarstyle.com\/product\/stolik-kawowy-lawa-auris-87x55-cm-dab-artisan-czarny-mat\/"},"modified":"2026-04-21T22:56:03","modified_gmt":"2026-04-21T20:56:03","slug":"stolik-kawowy-lawa-auris-cm-dab-artisan-czarny-mat","status":"publish","type":"product","link":"https:\/\/namarstyle.com\/es\/product\/stolik-kawowy-lawa-auris-cm-dab-artisan-czarny-mat\/","title":{"rendered":"Stolik kawowy \u0142awa Auris cm d\u0105b artisan czarny mat"},"content":{"rendered":"<p>Pi\u0119kny i elegancki stolik kawowy do salonu o atrakcyjnym frezowanym zdobieniu. Stolik posiada trzy podr\u0119czne p\u00f3\u0142ki na drobiazgi. Wymiary blatu to 88&#215;55 cm.<\/p>\n","protected":false},"excerpt":{"rendered":"<p>Korpus i czarne fronty: p\u0142yta laminowana 16 mm; obrze\u017ce ABS 0,6 mm,<br \/>\nFront lamele: p\u0142yta MDF 22 mm,<br \/>\nN\u00f3\u017cki: tworzywo sztuczne<\/p>\n","protected":false},"featured_media":98967,"comment_status":"open","ping_status":"closed","template":"","meta":[],"product_brand":[],"product_cat":[189],"product_tag":[],"class_list":{"0":"post-98970","1":"product","2":"type-product","3":"status-publish","4":"has-post-thumbnail","6":"product_cat-ogrod","8":"first","9":"instock","10":"taxable","11":"shipping-taxable","12":"purchasable","13":"product-type-simple"},"_links":{"self":[{"href":"https:\/\/namarstyle.com\/es\/wp-json\/wp\/v2\/product\/98970","targetHints":{"allow":["GET"]}}],"collection":[{"href":"https:\/\/namarstyle.com\/es\/wp-json\/wp\/v2\/product"}],"about":[{"href":"https:\/\/namarstyle.com\/es\/wp-json\/wp\/v2\/types\/product"}],"replies":[{"embeddable":true,"href":"https:\/\/namarstyle.com\/es\/wp-json\/wp\/v2\/comments?post=98970"}],"version-history":[{"count":0,"href":"https:\/\/namarstyle.com\/es\/wp-json\/wp\/v2\/product\/98970\/revisions"}],"wp:featuredmedia":[{"embeddable":true,"href":"https:\/\/namarstyle.com\/es\/wp-json\/wp\/v2\/media\/98967"}],"wp:attachment":[{"href":"https:\/\/namarstyle.com\/es\/wp-json\/wp\/v2\/media?parent=98970"}],"wp:term":[{"taxonomy":"product_brand","embeddable":true,"href":"https:\/\/namarstyle.com\/es\/wp-json\/wp\/v2\/product_brand?post=98970"},{"taxonomy":"product_cat","embeddable":true,"href":"https:\/\/namarstyle.com\/es\/wp-json\/wp\/v2\/product_cat?post=98970"},{"taxonomy":"product_tag","embeddable":true,"href":"https:\/\/namarstyle.com\/es\/wp-json\/wp\/v2\/product_tag?post=98970"}],"curies":[{"name":"wp","href":"https:\/\/api.w.org\/{rel}","templated":true}]}}