{"id":98924,"date":"2026-04-21T22:53:44","date_gmt":"2026-04-21T20:53:44","guid":{"rendered":"https:\/\/namarstyle.com\/product\/witryna-anette-o-czarny-mat-wstawka-dab-artisan\/"},"modified":"2026-04-21T22:53:44","modified_gmt":"2026-04-21T20:53:44","slug":"witryna-anette-o-czarny-mat-wstawka-dab-artisan","status":"publish","type":"product","link":"https:\/\/namarstyle.com\/es\/product\/witryna-anette-o-czarny-mat-wstawka-dab-artisan\/","title":{"rendered":"Witryna Anette O czarny mat wstawka d\u0105b artisan"},"content":{"rendered":"<p>Pojemna komoda wyposa\u017cona w 3 zamkni\u0119te schowki, poprzedzielane p\u00f3\u0142ka oraz 2 otwarte p\u00f3\u0142ki. Szafce uroku dodaje atrakcyjna wstawka w kolorze naturalnego drewna.<\/p>\n","protected":false},"excerpt":{"rendered":"<p>16mm p\u0142yta laminowana, obrze\u017ce ABS, HDF p\u0142yta, n\u00f3\u017cki i uchwyty: plastik <\/p>\n","protected":false},"featured_media":98921,"comment_status":"open","ping_status":"closed","template":"","meta":[],"product_brand":[],"product_cat":[189],"product_tag":[],"class_list":{"0":"post-98924","1":"product","2":"type-product","3":"status-publish","4":"has-post-thumbnail","6":"product_cat-ogrod","8":"first","9":"instock","10":"taxable","11":"shipping-taxable","12":"purchasable","13":"product-type-simple"},"_links":{"self":[{"href":"https:\/\/namarstyle.com\/es\/wp-json\/wp\/v2\/product\/98924","targetHints":{"allow":["GET"]}}],"collection":[{"href":"https:\/\/namarstyle.com\/es\/wp-json\/wp\/v2\/product"}],"about":[{"href":"https:\/\/namarstyle.com\/es\/wp-json\/wp\/v2\/types\/product"}],"replies":[{"embeddable":true,"href":"https:\/\/namarstyle.com\/es\/wp-json\/wp\/v2\/comments?post=98924"}],"version-history":[{"count":0,"href":"https:\/\/namarstyle.com\/es\/wp-json\/wp\/v2\/product\/98924\/revisions"}],"wp:featuredmedia":[{"embeddable":true,"href":"https:\/\/namarstyle.com\/es\/wp-json\/wp\/v2\/media\/98921"}],"wp:attachment":[{"href":"https:\/\/namarstyle.com\/es\/wp-json\/wp\/v2\/media?parent=98924"}],"wp:term":[{"taxonomy":"product_brand","embeddable":true,"href":"https:\/\/namarstyle.com\/es\/wp-json\/wp\/v2\/product_brand?post=98924"},{"taxonomy":"product_cat","embeddable":true,"href":"https:\/\/namarstyle.com\/es\/wp-json\/wp\/v2\/product_cat?post=98924"},{"taxonomy":"product_tag","embeddable":true,"href":"https:\/\/namarstyle.com\/es\/wp-json\/wp\/v2\/product_tag?post=98924"}],"curies":[{"name":"wp","href":"https:\/\/api.w.org\/{rel}","templated":true}]}}