{"id":98902,"date":"2026-04-21T22:53:07","date_gmt":"2026-04-21T20:53:07","guid":{"rendered":"https:\/\/namarstyle.com\/product\/polka-anette-b-150-cm-czarny-mat-wstawka-dab-artisan\/"},"modified":"2026-04-21T22:53:08","modified_gmt":"2026-04-21T20:53:08","slug":"polka-anette-b-cm-czarny-mat-wstawka-dab-artisan","status":"publish","type":"product","link":"https:\/\/namarstyle.com\/es\/product\/polka-anette-b-cm-czarny-mat-wstawka-dab-artisan\/","title":{"rendered":"P\u00f3\u0142ka Anette B cm czarny mat wstawka d\u0105b artisan"},"content":{"rendered":"<p>P\u00f3\u0142ka wisz\u0105ca z panelem<\/p>\n","protected":false},"excerpt":{"rendered":"<p>16mm p\u0142yta laminowana, obrze\u017ce ABS<\/p>\n","protected":false},"featured_media":98900,"comment_status":"open","ping_status":"closed","template":"","meta":[],"product_brand":[],"product_cat":[189],"product_tag":[],"class_list":{"0":"post-98902","1":"product","2":"type-product","3":"status-publish","4":"has-post-thumbnail","6":"product_cat-ogrod","8":"first","9":"instock","10":"taxable","11":"shipping-taxable","12":"purchasable","13":"product-type-simple"},"_links":{"self":[{"href":"https:\/\/namarstyle.com\/es\/wp-json\/wp\/v2\/product\/98902","targetHints":{"allow":["GET"]}}],"collection":[{"href":"https:\/\/namarstyle.com\/es\/wp-json\/wp\/v2\/product"}],"about":[{"href":"https:\/\/namarstyle.com\/es\/wp-json\/wp\/v2\/types\/product"}],"replies":[{"embeddable":true,"href":"https:\/\/namarstyle.com\/es\/wp-json\/wp\/v2\/comments?post=98902"}],"version-history":[{"count":0,"href":"https:\/\/namarstyle.com\/es\/wp-json\/wp\/v2\/product\/98902\/revisions"}],"wp:featuredmedia":[{"embeddable":true,"href":"https:\/\/namarstyle.com\/es\/wp-json\/wp\/v2\/media\/98900"}],"wp:attachment":[{"href":"https:\/\/namarstyle.com\/es\/wp-json\/wp\/v2\/media?parent=98902"}],"wp:term":[{"taxonomy":"product_brand","embeddable":true,"href":"https:\/\/namarstyle.com\/es\/wp-json\/wp\/v2\/product_brand?post=98902"},{"taxonomy":"product_cat","embeddable":true,"href":"https:\/\/namarstyle.com\/es\/wp-json\/wp\/v2\/product_cat?post=98902"},{"taxonomy":"product_tag","embeddable":true,"href":"https:\/\/namarstyle.com\/es\/wp-json\/wp\/v2\/product_tag?post=98902"}],"curies":[{"name":"wp","href":"https:\/\/api.w.org\/{rel}","templated":true}]}}