{"id":98877,"date":"2026-04-21T22:52:05","date_gmt":"2026-04-21T20:52:05","guid":{"rendered":"https:\/\/namarstyle.com\/product\/szafka-rtv-luxi-160-cm-dab-artisan-czarny-mat\/"},"modified":"2026-04-21T22:52:06","modified_gmt":"2026-04-21T20:52:06","slug":"szafka-rtv-luxi-cm-dab-artisan-czarny-mat","status":"publish","type":"product","link":"https:\/\/namarstyle.com\/es\/product\/szafka-rtv-luxi-cm-dab-artisan-czarny-mat\/","title":{"rendered":"Szafka RTV LUXI cm d\u0105b artisan \/ czarny mat"},"content":{"rendered":"<p>Szafka na sko\u015bnych, drewnianych n\u00f3\u017ckach<br \/>\nTrzy zamkni\u0119te szafki<br \/>\nJedna otwarta p\u00f3\u0142ka<br \/>\nSystem bezuchwytowy: fronty otwierane za pomoc\u0105 systemu push to open<br \/>\nZawiasy: z cichym domykiem<\/p>\n","protected":false},"excerpt":{"rendered":"<p>Korpus: p\u0142yta laminowana 16 mm; obrze\u017ce ABS 0,6 mm,<br \/>\nFront: p\u0142yta MDF,<br \/>\nN\u00f3\u017cki: drewniane, o wys. 16 cm.<\/p>\n","protected":false},"featured_media":95658,"comment_status":"open","ping_status":"closed","template":"","meta":[],"product_brand":[],"product_cat":[189],"product_tag":[],"class_list":{"0":"post-98877","1":"product","2":"type-product","3":"status-publish","4":"has-post-thumbnail","6":"product_cat-ogrod","8":"first","9":"instock","10":"taxable","11":"shipping-taxable","12":"purchasable","13":"product-type-simple"},"_links":{"self":[{"href":"https:\/\/namarstyle.com\/es\/wp-json\/wp\/v2\/product\/98877","targetHints":{"allow":["GET"]}}],"collection":[{"href":"https:\/\/namarstyle.com\/es\/wp-json\/wp\/v2\/product"}],"about":[{"href":"https:\/\/namarstyle.com\/es\/wp-json\/wp\/v2\/types\/product"}],"replies":[{"embeddable":true,"href":"https:\/\/namarstyle.com\/es\/wp-json\/wp\/v2\/comments?post=98877"}],"version-history":[{"count":0,"href":"https:\/\/namarstyle.com\/es\/wp-json\/wp\/v2\/product\/98877\/revisions"}],"wp:featuredmedia":[{"embeddable":true,"href":"https:\/\/namarstyle.com\/es\/wp-json\/wp\/v2\/media\/95658"}],"wp:attachment":[{"href":"https:\/\/namarstyle.com\/es\/wp-json\/wp\/v2\/media?parent=98877"}],"wp:term":[{"taxonomy":"product_brand","embeddable":true,"href":"https:\/\/namarstyle.com\/es\/wp-json\/wp\/v2\/product_brand?post=98877"},{"taxonomy":"product_cat","embeddable":true,"href":"https:\/\/namarstyle.com\/es\/wp-json\/wp\/v2\/product_cat?post=98877"},{"taxonomy":"product_tag","embeddable":true,"href":"https:\/\/namarstyle.com\/es\/wp-json\/wp\/v2\/product_tag?post=98877"}],"curies":[{"name":"wp","href":"https:\/\/api.w.org\/{rel}","templated":true}]}}