{"id":98867,"date":"2026-04-21T22:52:04","date_gmt":"2026-04-21T20:52:04","guid":{"rendered":"https:\/\/namarstyle.com\/product\/szafka-rtv-mondi-180-cm-z-kominkiem-dab-artisan\/"},"modified":"2026-04-21T22:52:07","modified_gmt":"2026-04-21T20:52:07","slug":"szafka-rtv-mondi-cm-z-kominkiem-dab-artisan","status":"publish","type":"product","link":"https:\/\/namarstyle.com\/es\/product\/szafka-rtv-mondi-cm-z-kominkiem-dab-artisan\/","title":{"rendered":"Szafka RTV Mondi cm z kominkiem d\u0105b artisan"},"content":{"rendered":"<p>Elegancka rtv z kominkiem. Posiada charakterystyczne nogi gwarantuj\u0105ce du\u017c\u0105 stabilno\u015b\u0107 (dodatkowa podp\u00f3rka na \u015brodku) oraz dwie zamykane p\u00f3\u0142ki. System bezuchwytowy, fronty otwierane za pomoc\u0105 systemu push to open<\/p>\n<p>Opis i parametry kominka:<\/p>\n<p>- Nowoczesny kominek elektryczny zaprojektowany z my\u015bl\u0105 o monta\u017cu we wn\u0119ce \u015bciennej lub dowolnego typu obudowie<br \/>\n- Kominki obj\u0119te euro gwarancj\u0105 24 m-ce<br \/>\n- Sterowanie zdalne (pilot) oraz za pomoc\u0105 panelu w prawym g\u00f3rnym rogu<br \/>\n- Regulacja p\u0142omienia i temperatury<br \/>\n- Dekoracja paleniska: P\u0142on\u0105ce polana<br \/>\n- Nie wymaga przewodu kominowego<br \/>\n- Waga 5,3 kg<br \/>\n- Moc kominka 1800-2000W<br \/>\n- Wymiary zewn\u0119trzne: 58,4 x 13 x 43,6 cm<br \/>\n- Napi\u0119cie \/ cz\u0119stotliwo\u015b\u0107 220V-240V\/ 50Hz<br \/>\n- Panel sterowania w prawym g\u00f3rnym rogu<br \/>\n- Wielofunkcyjny pilot zdalnego sterowania<br \/>\n- Mo\u017cliwo\u015b\u0107 zwi\u0119kszenia\/zmniejszenia efektu ognia<br \/>\n- Mo\u017cliwo\u015b\u0107 ustawienia godzinnego, dziennego lub tygodniowego timera<br \/>\n- Ustawienie temperatury grzania pomi\u0119dzy  17\u00b0C a 27\u00b0. Poziom funkcji grzania [W] 1400<br \/>\n- Kontrola temperatury pomieszczenia, z wykrywaniem otwartego okna<br \/>\n- Maksymalna ci\u0105g\u0142a moc grzewcza 2,0 kW<br \/>\nZdj\u0119cia przedstawiaj\u0105 maksymaln\u0105 moc \u015bwiat\u0142a kominka<\/p>\n","protected":false},"excerpt":{"rendered":"<p>p\u0142yta laminowana \/ MDF 16 mm, HDF p\u0142yta, ABS obrze\u017ca<\/p>\n","protected":false},"featured_media":95204,"comment_status":"open","ping_status":"closed","template":"","meta":[],"product_brand":[],"product_cat":[189],"product_tag":[],"class_list":{"0":"post-98867","1":"product","2":"type-product","3":"status-publish","4":"has-post-thumbnail","6":"product_cat-ogrod","8":"first","9":"instock","10":"taxable","11":"shipping-taxable","12":"purchasable","13":"product-type-simple"},"_links":{"self":[{"href":"https:\/\/namarstyle.com\/es\/wp-json\/wp\/v2\/product\/98867","targetHints":{"allow":["GET"]}}],"collection":[{"href":"https:\/\/namarstyle.com\/es\/wp-json\/wp\/v2\/product"}],"about":[{"href":"https:\/\/namarstyle.com\/es\/wp-json\/wp\/v2\/types\/product"}],"replies":[{"embeddable":true,"href":"https:\/\/namarstyle.com\/es\/wp-json\/wp\/v2\/comments?post=98867"}],"version-history":[{"count":0,"href":"https:\/\/namarstyle.com\/es\/wp-json\/wp\/v2\/product\/98867\/revisions"}],"wp:featuredmedia":[{"embeddable":true,"href":"https:\/\/namarstyle.com\/es\/wp-json\/wp\/v2\/media\/95204"}],"wp:attachment":[{"href":"https:\/\/namarstyle.com\/es\/wp-json\/wp\/v2\/media?parent=98867"}],"wp:term":[{"taxonomy":"product_brand","embeddable":true,"href":"https:\/\/namarstyle.com\/es\/wp-json\/wp\/v2\/product_brand?post=98867"},{"taxonomy":"product_cat","embeddable":true,"href":"https:\/\/namarstyle.com\/es\/wp-json\/wp\/v2\/product_cat?post=98867"},{"taxonomy":"product_tag","embeddable":true,"href":"https:\/\/namarstyle.com\/es\/wp-json\/wp\/v2\/product_tag?post=98867"}],"curies":[{"name":"wp","href":"https:\/\/api.w.org\/{rel}","templated":true}]}}