{"id":98858,"date":"2026-04-21T22:51:58","date_gmt":"2026-04-21T20:51:58","guid":{"rendered":"https:\/\/namarstyle.com\/product\/szafka-nocna-mondi-48-cm-szuflada-bialy-mat\/"},"modified":"2026-04-21T22:51:59","modified_gmt":"2026-04-21T20:51:59","slug":"szafka-nocna-mondi-cm-szuflada-bialy-mat","status":"publish","type":"product","link":"https:\/\/namarstyle.com\/es\/product\/szafka-nocna-mondi-cm-szuflada-bialy-mat\/","title":{"rendered":"Szafka nocna MONDI cm szuflada bia\u0142y mat"},"content":{"rendered":"<p>Charakterystyczne nogi gwarantuj\u0105ce du\u017c\u0105 stabilno\u015b\u0107<br \/>\nPraktyczna dodatkowa p\u00f3\u0142ka<br \/>\nSzuflada z bezuchwytowym frontem<br \/>\nP\u00f3\u0142ka otwarta<\/p>\n","protected":false},"excerpt":{"rendered":"<p>p\u0142yta laminowana 16 mm, HDF p\u0142yta, ABS obrze\u017ca<\/p>\n","protected":false},"featured_media":95041,"comment_status":"open","ping_status":"closed","template":"","meta":[],"product_brand":[],"product_cat":[189],"product_tag":[],"class_list":{"0":"post-98858","1":"product","2":"type-product","3":"status-publish","4":"has-post-thumbnail","6":"product_cat-ogrod","8":"first","9":"instock","10":"taxable","11":"shipping-taxable","12":"purchasable","13":"product-type-simple"},"_links":{"self":[{"href":"https:\/\/namarstyle.com\/es\/wp-json\/wp\/v2\/product\/98858","targetHints":{"allow":["GET"]}}],"collection":[{"href":"https:\/\/namarstyle.com\/es\/wp-json\/wp\/v2\/product"}],"about":[{"href":"https:\/\/namarstyle.com\/es\/wp-json\/wp\/v2\/types\/product"}],"replies":[{"embeddable":true,"href":"https:\/\/namarstyle.com\/es\/wp-json\/wp\/v2\/comments?post=98858"}],"version-history":[{"count":0,"href":"https:\/\/namarstyle.com\/es\/wp-json\/wp\/v2\/product\/98858\/revisions"}],"wp:featuredmedia":[{"embeddable":true,"href":"https:\/\/namarstyle.com\/es\/wp-json\/wp\/v2\/media\/95041"}],"wp:attachment":[{"href":"https:\/\/namarstyle.com\/es\/wp-json\/wp\/v2\/media?parent=98858"}],"wp:term":[{"taxonomy":"product_brand","embeddable":true,"href":"https:\/\/namarstyle.com\/es\/wp-json\/wp\/v2\/product_brand?post=98858"},{"taxonomy":"product_cat","embeddable":true,"href":"https:\/\/namarstyle.com\/es\/wp-json\/wp\/v2\/product_cat?post=98858"},{"taxonomy":"product_tag","embeddable":true,"href":"https:\/\/namarstyle.com\/es\/wp-json\/wp\/v2\/product_tag?post=98858"}],"curies":[{"name":"wp","href":"https:\/\/api.w.org\/{rel}","templated":true}]}}