{"id":98847,"date":"2026-04-21T22:51:57","date_gmt":"2026-04-21T20:51:57","guid":{"rendered":"https:\/\/namarstyle.com\/product\/szafka-rtv-mondi-158-cm-dab-artisan\/"},"modified":"2026-04-21T22:51:57","modified_gmt":"2026-04-21T20:51:57","slug":"szafka-rtv-mondi-cm-dab-artisan","status":"publish","type":"product","link":"https:\/\/namarstyle.com\/es\/product\/szafka-rtv-mondi-cm-dab-artisan\/","title":{"rendered":"Szafka RTV Mondi cm d\u0105b artisan"},"content":{"rendered":"<p>Charakterystyczne nogi gwarantuj\u0105ce du\u017c\u0105 stabilno\u015b\u0107 (dodatkowa podp\u00f3rka na \u015brodku),<br \/>\nPosiada dwie zamykane p\u00f3\u0142ki (dwie boczne),<br \/>\nPosiada dwie otwarte p\u00f3\u0142ki (\u015brodkowe),<br \/>\nPosiada otw\u00f3r na kable<\/p>\n","protected":false},"excerpt":{"rendered":"<p>p\u0142yta laminowana \/ MDF 16 mm, HDF p\u0142yta, ABS obrze\u017ca<\/p>\n","protected":false},"featured_media":94971,"comment_status":"open","ping_status":"closed","template":"","meta":[],"product_brand":[],"product_cat":[189],"product_tag":[],"class_list":{"0":"post-98847","1":"product","2":"type-product","3":"status-publish","4":"has-post-thumbnail","6":"product_cat-ogrod","8":"first","9":"instock","10":"taxable","11":"shipping-taxable","12":"purchasable","13":"product-type-simple"},"_links":{"self":[{"href":"https:\/\/namarstyle.com\/es\/wp-json\/wp\/v2\/product\/98847","targetHints":{"allow":["GET"]}}],"collection":[{"href":"https:\/\/namarstyle.com\/es\/wp-json\/wp\/v2\/product"}],"about":[{"href":"https:\/\/namarstyle.com\/es\/wp-json\/wp\/v2\/types\/product"}],"replies":[{"embeddable":true,"href":"https:\/\/namarstyle.com\/es\/wp-json\/wp\/v2\/comments?post=98847"}],"version-history":[{"count":0,"href":"https:\/\/namarstyle.com\/es\/wp-json\/wp\/v2\/product\/98847\/revisions"}],"wp:featuredmedia":[{"embeddable":true,"href":"https:\/\/namarstyle.com\/es\/wp-json\/wp\/v2\/media\/94971"}],"wp:attachment":[{"href":"https:\/\/namarstyle.com\/es\/wp-json\/wp\/v2\/media?parent=98847"}],"wp:term":[{"taxonomy":"product_brand","embeddable":true,"href":"https:\/\/namarstyle.com\/es\/wp-json\/wp\/v2\/product_brand?post=98847"},{"taxonomy":"product_cat","embeddable":true,"href":"https:\/\/namarstyle.com\/es\/wp-json\/wp\/v2\/product_cat?post=98847"},{"taxonomy":"product_tag","embeddable":true,"href":"https:\/\/namarstyle.com\/es\/wp-json\/wp\/v2\/product_tag?post=98847"}],"curies":[{"name":"wp","href":"https:\/\/api.w.org\/{rel}","templated":true}]}}