{"id":98838,"date":"2026-04-21T22:51:50","date_gmt":"2026-04-21T20:51:50","guid":{"rendered":"https:\/\/namarstyle.com\/product\/stolik-kawowy-lawa-nuka-60-dab-artisan\/"},"modified":"2026-04-21T22:51:53","modified_gmt":"2026-04-21T20:51:53","slug":"stolik-kawowy-lawa-nuka-dab-artisan","status":"publish","type":"product","link":"https:\/\/namarstyle.com\/es\/product\/stolik-kawowy-lawa-nuka-dab-artisan\/","title":{"rendered":"Stolik kawowy \u0142awa Nuka d\u0105b artisan"},"content":{"rendered":"<p>Niezwykle elegancka i stylowa \u0142awa do salonu wykonana w modnym loftowym stylu. Charakteryzuje si\u0119 nowoczesnym i przyjemnym dla oka wygl\u0105dem - o jej uroku decyduj\u0105 du\u017ce czarne nogi w formie ramy, kt\u00f3re pi\u0119knie kontrastuj\u0105 z reszt\u0105 mebla. Kwadratowy stolik nie zajmie du\u017co miejsca w salonie, a przy tym b\u0119dzie podr\u0119cznych miejscem na fili\u017cank\u0119 kawy.<\/p>\n","protected":false},"excerpt":{"rendered":"<p>P\u0142yta laminowana 16 mm<br \/>\nObrze\u017ca ABS<br \/>\nP\u0142yta HDF<\/p>\n","protected":false},"featured_media":0,"comment_status":"open","ping_status":"closed","template":"","meta":[],"product_brand":[],"product_cat":[189],"product_tag":[],"class_list":{"0":"post-98838","1":"product","2":"type-product","3":"status-publish","5":"product_cat-ogrod","7":"first","8":"instock","9":"taxable","10":"shipping-taxable","11":"purchasable","12":"product-type-simple"},"_links":{"self":[{"href":"https:\/\/namarstyle.com\/es\/wp-json\/wp\/v2\/product\/98838","targetHints":{"allow":["GET"]}}],"collection":[{"href":"https:\/\/namarstyle.com\/es\/wp-json\/wp\/v2\/product"}],"about":[{"href":"https:\/\/namarstyle.com\/es\/wp-json\/wp\/v2\/types\/product"}],"replies":[{"embeddable":true,"href":"https:\/\/namarstyle.com\/es\/wp-json\/wp\/v2\/comments?post=98838"}],"version-history":[{"count":0,"href":"https:\/\/namarstyle.com\/es\/wp-json\/wp\/v2\/product\/98838\/revisions"}],"wp:attachment":[{"href":"https:\/\/namarstyle.com\/es\/wp-json\/wp\/v2\/media?parent=98838"}],"wp:term":[{"taxonomy":"product_brand","embeddable":true,"href":"https:\/\/namarstyle.com\/es\/wp-json\/wp\/v2\/product_brand?post=98838"},{"taxonomy":"product_cat","embeddable":true,"href":"https:\/\/namarstyle.com\/es\/wp-json\/wp\/v2\/product_cat?post=98838"},{"taxonomy":"product_tag","embeddable":true,"href":"https:\/\/namarstyle.com\/es\/wp-json\/wp\/v2\/product_tag?post=98838"}],"curies":[{"name":"wp","href":"https:\/\/api.w.org\/{rel}","templated":true}]}}