{"id":102051,"date":"2026-04-27T18:17:22","date_gmt":"2026-04-27T16:17:22","guid":{"rendered":"https:\/\/namarstyle.com\/product\/stelaz-elektryczny-do-biurka-z-regulacja-wysokosci-rxd2\/"},"modified":"2026-04-28T05:49:13","modified_gmt":"2026-04-28T03:49:13","slug":"stelaz-elektryczny-do-biurka-z-regulacja-wysokosci-3","status":"publish","type":"product","link":"https:\/\/namarstyle.com\/es\/product\/stelaz-elektryczny-do-biurka-z-regulacja-wysokosci-3\/","title":{"rendered":"Stela\u017c elektryczny do biurka z regulacj\u0105 wysoko\u015bci"},"content":{"rendered":"<p>Opis:<\/p>\n<p>- Mo\u017cliwo\u015b\u0107 pracy na stoj\u0105co<br \/>\n- Funkcja regulacji wysoko\u015bci<br \/>\n- Funkcja pami\u0119ci wysoko\u015bci<br \/>\n- Uniwersalno\u015b\u0107 \u2013 do stela\u017cu mo\u017cna u\u017cy\u0107 dowolnego blatu<br \/>\n- Pewno\u015b\u0107 i stabilno\u015b\u0107<br \/>\n- Stela\u017ce nie wywo\u0142uj\u0105 drga\u0144<br \/>\n- Sterownik mo\u017cna zamontowa\u0107 w dowolnym miejscu<\/p>\n<p>Stela\u017c 2-silnikowy parametry:<\/p>\n<p>- Rodzaj nap\u0119du: podw\u00f3jny silnik<br \/>\n- Belka rozci\u0105gaj\u0105ca: rozsuwana<br \/>\n- Sterowanie: wy\u015bwietlacz LED z 3 pami\u0119ciami<br \/>\n- Funkcje: pami\u0119\u0107 wysoko\u015bci, blokada dla dzieci, system antykolizyjny<br \/>\n- No\u015bno\u015b\u0107: 100 kg<br \/>\n- Pr\u0119dko\u015b\u0107: 30 mm\/s<br \/>\n- Regulowana wysoko\u015b\u0107: 72-120 cm<br \/>\n- Regulowana szeroko\u015b\u0107: 105-170 cm<br \/>\n- Poziom ha\u0142asu: &lt;50 dB<br \/>\n- Napi\u0119cie wej\u015bciowe: AC110V-AC240V<br \/>\n- Cykl pracy: 10%, czyli 2 minuty w\u0142\u0105czony \/ 18 minut wy\u0142\u0105czony<br \/>\n- Kabel zasilaj\u0105cy<\/p>\n","protected":false},"excerpt":{"rendered":"<p>Metal<\/p>\n","protected":false},"featured_media":102044,"comment_status":"open","ping_status":"closed","template":"","meta":[],"product_brand":[],"product_cat":[189],"product_tag":[],"class_list":{"0":"post-102051","1":"product","2":"type-product","3":"status-publish","4":"has-post-thumbnail","6":"product_cat-ogrod","8":"first","9":"instock","10":"taxable","11":"shipping-taxable","12":"purchasable","13":"product-type-simple"},"_links":{"self":[{"href":"https:\/\/namarstyle.com\/es\/wp-json\/wp\/v2\/product\/102051","targetHints":{"allow":["GET"]}}],"collection":[{"href":"https:\/\/namarstyle.com\/es\/wp-json\/wp\/v2\/product"}],"about":[{"href":"https:\/\/namarstyle.com\/es\/wp-json\/wp\/v2\/types\/product"}],"replies":[{"embeddable":true,"href":"https:\/\/namarstyle.com\/es\/wp-json\/wp\/v2\/comments?post=102051"}],"version-history":[{"count":1,"href":"https:\/\/namarstyle.com\/es\/wp-json\/wp\/v2\/product\/102051\/revisions"}],"predecessor-version":[{"id":102338,"href":"https:\/\/namarstyle.com\/es\/wp-json\/wp\/v2\/product\/102051\/revisions\/102338"}],"wp:featuredmedia":[{"embeddable":true,"href":"https:\/\/namarstyle.com\/es\/wp-json\/wp\/v2\/media\/102044"}],"wp:attachment":[{"href":"https:\/\/namarstyle.com\/es\/wp-json\/wp\/v2\/media?parent=102051"}],"wp:term":[{"taxonomy":"product_brand","embeddable":true,"href":"https:\/\/namarstyle.com\/es\/wp-json\/wp\/v2\/product_brand?post=102051"},{"taxonomy":"product_cat","embeddable":true,"href":"https:\/\/namarstyle.com\/es\/wp-json\/wp\/v2\/product_cat?post=102051"},{"taxonomy":"product_tag","embeddable":true,"href":"https:\/\/namarstyle.com\/es\/wp-json\/wp\/v2\/product_tag?post=102051"}],"curies":[{"name":"wp","href":"https:\/\/api.w.org\/{rel}","templated":true}]}}