{"id":102030,"date":"2026-04-27T18:16:25","date_gmt":"2026-04-27T16:16:25","guid":{"rendered":"https:\/\/namarstyle.com\/product\/nakladka-drewniana-na-meble-tapicerowane-44-cm-6\/"},"modified":"2026-04-28T05:49:13","modified_gmt":"2026-04-28T03:49:13","slug":"nakladka-drewniana-na-meble-tapicerowane-cm","status":"publish","type":"product","link":"https:\/\/namarstyle.com\/es\/product\/nakladka-drewniana-na-meble-tapicerowane-cm\/","title":{"rendered":"Nak\u0142adka drewniana na meble tapicerowane cm"},"content":{"rendered":"","protected":false},"excerpt":{"rendered":"<p>Drewno, p\u0142\u00f3tno bawe\u0142niane<\/p>\n","protected":false},"featured_media":0,"comment_status":"open","ping_status":"closed","template":"","meta":[],"product_brand":[],"product_cat":[189],"product_tag":[],"class_list":{"0":"post-102030","1":"product","2":"type-product","3":"status-publish","5":"product_cat-ogrod","7":"first","8":"instock","9":"taxable","10":"shipping-taxable","11":"purchasable","12":"product-type-simple"},"_links":{"self":[{"href":"https:\/\/namarstyle.com\/es\/wp-json\/wp\/v2\/product\/102030","targetHints":{"allow":["GET"]}}],"collection":[{"href":"https:\/\/namarstyle.com\/es\/wp-json\/wp\/v2\/product"}],"about":[{"href":"https:\/\/namarstyle.com\/es\/wp-json\/wp\/v2\/types\/product"}],"replies":[{"embeddable":true,"href":"https:\/\/namarstyle.com\/es\/wp-json\/wp\/v2\/comments?post=102030"}],"version-history":[{"count":1,"href":"https:\/\/namarstyle.com\/es\/wp-json\/wp\/v2\/product\/102030\/revisions"}],"predecessor-version":[{"id":102335,"href":"https:\/\/namarstyle.com\/es\/wp-json\/wp\/v2\/product\/102030\/revisions\/102335"}],"wp:attachment":[{"href":"https:\/\/namarstyle.com\/es\/wp-json\/wp\/v2\/media?parent=102030"}],"wp:term":[{"taxonomy":"product_brand","embeddable":true,"href":"https:\/\/namarstyle.com\/es\/wp-json\/wp\/v2\/product_brand?post=102030"},{"taxonomy":"product_cat","embeddable":true,"href":"https:\/\/namarstyle.com\/es\/wp-json\/wp\/v2\/product_cat?post=102030"},{"taxonomy":"product_tag","embeddable":true,"href":"https:\/\/namarstyle.com\/es\/wp-json\/wp\/v2\/product_tag?post=102030"}],"curies":[{"name":"wp","href":"https:\/\/api.w.org\/{rel}","templated":true}]}}