{"id":102028,"date":"2026-04-27T18:16:24","date_gmt":"2026-04-27T16:16:24","guid":{"rendered":"https:\/\/namarstyle.com\/product\/nakladka-drewniana-na-meble-tapicerowane-44-cm-4\/"},"modified":"2026-04-28T05:49:13","modified_gmt":"2026-04-28T03:49:13","slug":"nakladka-drewniana-na-meble-tapicerowane-cm-3","status":"publish","type":"product","link":"https:\/\/namarstyle.com\/es\/product\/nakladka-drewniana-na-meble-tapicerowane-cm-3\/","title":{"rendered":"Nak\u0142adka drewniana na meble tapicerowane cm"},"content":{"rendered":"","protected":false},"excerpt":{"rendered":"<p>Drewno, p\u0142\u00f3tno bawe\u0142niane<\/p>\n","protected":false},"featured_media":0,"comment_status":"open","ping_status":"closed","template":"","meta":[],"product_brand":[],"product_cat":[189],"product_tag":[],"class_list":{"0":"post-102028","1":"product","2":"type-product","3":"status-publish","5":"product_cat-ogrod","7":"first","8":"instock","9":"taxable","10":"shipping-taxable","11":"purchasable","12":"product-type-simple"},"_links":{"self":[{"href":"https:\/\/namarstyle.com\/es\/wp-json\/wp\/v2\/product\/102028","targetHints":{"allow":["GET"]}}],"collection":[{"href":"https:\/\/namarstyle.com\/es\/wp-json\/wp\/v2\/product"}],"about":[{"href":"https:\/\/namarstyle.com\/es\/wp-json\/wp\/v2\/types\/product"}],"replies":[{"embeddable":true,"href":"https:\/\/namarstyle.com\/es\/wp-json\/wp\/v2\/comments?post=102028"}],"version-history":[{"count":1,"href":"https:\/\/namarstyle.com\/es\/wp-json\/wp\/v2\/product\/102028\/revisions"}],"predecessor-version":[{"id":102333,"href":"https:\/\/namarstyle.com\/es\/wp-json\/wp\/v2\/product\/102028\/revisions\/102333"}],"wp:attachment":[{"href":"https:\/\/namarstyle.com\/es\/wp-json\/wp\/v2\/media?parent=102028"}],"wp:term":[{"taxonomy":"product_brand","embeddable":true,"href":"https:\/\/namarstyle.com\/es\/wp-json\/wp\/v2\/product_brand?post=102028"},{"taxonomy":"product_cat","embeddable":true,"href":"https:\/\/namarstyle.com\/es\/wp-json\/wp\/v2\/product_cat?post=102028"},{"taxonomy":"product_tag","embeddable":true,"href":"https:\/\/namarstyle.com\/es\/wp-json\/wp\/v2\/product_tag?post=102028"}],"curies":[{"name":"wp","href":"https:\/\/api.w.org\/{rel}","templated":true}]}}