{"id":102022,"date":"2026-04-27T18:16:24","date_gmt":"2026-04-27T16:16:24","guid":{"rendered":"https:\/\/namarstyle.com\/product\/naroznik-carmen-4\/"},"modified":"2026-04-28T05:46:48","modified_gmt":"2026-04-28T03:46:48","slug":"naroznik-carmen-4","status":"publish","type":"product","link":"https:\/\/namarstyle.com\/es\/product\/naroznik-carmen-4\/","title":{"rendered":"Naro\u017cnik Carmen"},"content":{"rendered":"","protected":false},"excerpt":{"rendered":"<p>P\u0142yta MDF, szk\u0142o hartowane<\/p>\n","protected":false},"featured_media":0,"comment_status":"open","ping_status":"closed","template":"","meta":[],"product_brand":[],"product_cat":[189],"product_tag":[],"class_list":{"0":"post-102022","1":"product","2":"type-product","3":"status-publish","5":"product_cat-ogrod","7":"first","8":"instock","9":"taxable","10":"shipping-taxable","11":"purchasable","12":"product-type-simple"},"_links":{"self":[{"href":"https:\/\/namarstyle.com\/es\/wp-json\/wp\/v2\/product\/102022","targetHints":{"allow":["GET"]}}],"collection":[{"href":"https:\/\/namarstyle.com\/es\/wp-json\/wp\/v2\/product"}],"about":[{"href":"https:\/\/namarstyle.com\/es\/wp-json\/wp\/v2\/types\/product"}],"replies":[{"embeddable":true,"href":"https:\/\/namarstyle.com\/es\/wp-json\/wp\/v2\/comments?post=102022"}],"version-history":[{"count":0,"href":"https:\/\/namarstyle.com\/es\/wp-json\/wp\/v2\/product\/102022\/revisions"}],"wp:attachment":[{"href":"https:\/\/namarstyle.com\/es\/wp-json\/wp\/v2\/media?parent=102022"}],"wp:term":[{"taxonomy":"product_brand","embeddable":true,"href":"https:\/\/namarstyle.com\/es\/wp-json\/wp\/v2\/product_brand?post=102022"},{"taxonomy":"product_cat","embeddable":true,"href":"https:\/\/namarstyle.com\/es\/wp-json\/wp\/v2\/product_cat?post=102022"},{"taxonomy":"product_tag","embeddable":true,"href":"https:\/\/namarstyle.com\/es\/wp-json\/wp\/v2\/product_tag?post=102022"}],"curies":[{"name":"wp","href":"https:\/\/api.w.org\/{rel}","templated":true}]}}