{"id":102017,"date":"2026-04-27T18:16:07","date_gmt":"2026-04-27T16:16:07","guid":{"rendered":"https:\/\/namarstyle.com\/product\/naroznik-carmen\/"},"modified":"2026-04-28T05:46:47","modified_gmt":"2026-04-28T03:46:47","slug":"naroznik-carmen","status":"publish","type":"product","link":"https:\/\/namarstyle.com\/es\/product\/naroznik-carmen\/","title":{"rendered":"Naro\u017cnik Carmen"},"content":{"rendered":"<p>Naro\u017cnik uniwersalny<br \/>\nSchowek na po\u015bciel<br \/>\nFunkcja spania z powierzchni\u0105 130&#215;195 cm<br \/>\nStela\u017c sosnowo-bukowy<br \/>\nZastosowanie spr\u0119\u017cyn falistych wp\u0142ywa na odpowiedni\u0105 elastyczno\u015b\u0107 oraz r\u00f3wnomierne roz\u0142o\u017cenie ci\u0119\u017caru<br \/>\nNo\u015bno\u015b\u0107 na siedzisko 120 kg<\/p>\n","protected":false},"excerpt":{"rendered":"<p>Stela\u017c: drewno sosnowo - bukowe<br \/>\nSiedzisko: spr\u0119\u017cyna falista<br \/>\nWype\u0142nienie poduch: 70% frytka pur + 30% kulka silikonowa<br \/>\nN\u00f3\u017cki: plastik<\/p>\n","protected":false},"featured_media":102008,"comment_status":"open","ping_status":"closed","template":"","meta":[],"product_brand":[],"product_cat":[189],"product_tag":[],"class_list":{"0":"post-102017","1":"product","2":"type-product","3":"status-publish","4":"has-post-thumbnail","6":"product_cat-ogrod","8":"first","9":"instock","10":"taxable","11":"shipping-taxable","12":"purchasable","13":"product-type-simple"},"_links":{"self":[{"href":"https:\/\/namarstyle.com\/es\/wp-json\/wp\/v2\/product\/102017","targetHints":{"allow":["GET"]}}],"collection":[{"href":"https:\/\/namarstyle.com\/es\/wp-json\/wp\/v2\/product"}],"about":[{"href":"https:\/\/namarstyle.com\/es\/wp-json\/wp\/v2\/types\/product"}],"replies":[{"embeddable":true,"href":"https:\/\/namarstyle.com\/es\/wp-json\/wp\/v2\/comments?post=102017"}],"version-history":[{"count":0,"href":"https:\/\/namarstyle.com\/es\/wp-json\/wp\/v2\/product\/102017\/revisions"}],"wp:featuredmedia":[{"embeddable":true,"href":"https:\/\/namarstyle.com\/es\/wp-json\/wp\/v2\/media\/102008"}],"wp:attachment":[{"href":"https:\/\/namarstyle.com\/es\/wp-json\/wp\/v2\/media?parent=102017"}],"wp:term":[{"taxonomy":"product_brand","embeddable":true,"href":"https:\/\/namarstyle.com\/es\/wp-json\/wp\/v2\/product_brand?post=102017"},{"taxonomy":"product_cat","embeddable":true,"href":"https:\/\/namarstyle.com\/es\/wp-json\/wp\/v2\/product_cat?post=102017"},{"taxonomy":"product_tag","embeddable":true,"href":"https:\/\/namarstyle.com\/es\/wp-json\/wp\/v2\/product_tag?post=102017"}],"curies":[{"name":"wp","href":"https:\/\/api.w.org\/{rel}","templated":true}]}}