{"id":101942,"date":"2026-04-27T18:13:28","date_gmt":"2026-04-27T16:13:28","guid":{"rendered":"https:\/\/namarstyle.com\/product\/kanapa-sofa-nesso-130\/"},"modified":"2026-04-29T04:12:59","modified_gmt":"2026-04-29T02:12:59","slug":"kanapa-sofa-nesso-15","status":"publish","type":"product","link":"https:\/\/namarstyle.com\/es\/product\/kanapa-sofa-nesso-15\/","title":{"rendered":"Kanapa sofa Nesso"},"content":{"rendered":"<p>Powierzchnia spania: 130&#215;195, posiada pojemnik na po\u015bciel, \u0142adowno\u015b\u0107 120 kg na osob\u0119<\/p>\n","protected":false},"excerpt":{"rendered":"<p>Siedzisko: spr\u0119\u017cyna falista, rama: drewno sosnowe i bukowe, poduszki: kulka silikonowa 100%, nogi: metal\/plastik<\/p>\n","protected":false},"featured_media":101936,"comment_status":"open","ping_status":"closed","template":"","meta":[],"product_brand":[],"product_cat":[189],"product_tag":[],"class_list":{"0":"post-101942","1":"product","2":"type-product","3":"status-publish","4":"has-post-thumbnail","6":"product_cat-ogrod","8":"first","9":"instock","10":"taxable","11":"shipping-taxable","12":"purchasable","13":"product-type-simple"},"_links":{"self":[{"href":"https:\/\/namarstyle.com\/es\/wp-json\/wp\/v2\/product\/101942","targetHints":{"allow":["GET"]}}],"collection":[{"href":"https:\/\/namarstyle.com\/es\/wp-json\/wp\/v2\/product"}],"about":[{"href":"https:\/\/namarstyle.com\/es\/wp-json\/wp\/v2\/types\/product"}],"replies":[{"embeddable":true,"href":"https:\/\/namarstyle.com\/es\/wp-json\/wp\/v2\/comments?post=101942"}],"version-history":[{"count":1,"href":"https:\/\/namarstyle.com\/es\/wp-json\/wp\/v2\/product\/101942\/revisions"}],"predecessor-version":[{"id":102327,"href":"https:\/\/namarstyle.com\/es\/wp-json\/wp\/v2\/product\/101942\/revisions\/102327"}],"wp:featuredmedia":[{"embeddable":true,"href":"https:\/\/namarstyle.com\/es\/wp-json\/wp\/v2\/media\/101936"}],"wp:attachment":[{"href":"https:\/\/namarstyle.com\/es\/wp-json\/wp\/v2\/media?parent=101942"}],"wp:term":[{"taxonomy":"product_brand","embeddable":true,"href":"https:\/\/namarstyle.com\/es\/wp-json\/wp\/v2\/product_brand?post=101942"},{"taxonomy":"product_cat","embeddable":true,"href":"https:\/\/namarstyle.com\/es\/wp-json\/wp\/v2\/product_cat?post=101942"},{"taxonomy":"product_tag","embeddable":true,"href":"https:\/\/namarstyle.com\/es\/wp-json\/wp\/v2\/product_tag?post=101942"}],"curies":[{"name":"wp","href":"https:\/\/api.w.org\/{rel}","templated":true}]}}