{"id":101928,"date":"2026-04-27T18:13:02","date_gmt":"2026-04-27T16:13:02","guid":{"rendered":"https:\/\/namarstyle.com\/product\/kanapa-sofa-nesso-130\/"},"modified":"2026-04-29T17:32:50","modified_gmt":"2026-04-29T15:32:50","slug":"kanapa-sofa-nesso-13","status":"publish","type":"product","link":"https:\/\/namarstyle.com\/es\/product\/kanapa-sofa-nesso-13\/","title":{"rendered":"Kanapa sofa Nesso"},"content":{"rendered":"<p>Powierzchnia spania: 130&#215;195, posiada pojemnik na po\u015bciel, \u0142adowno\u015b\u0107 120 kg na osob\u0119<\/p>\n","protected":false},"excerpt":{"rendered":"<p>Siedzisko: spr\u0119\u017cyna falista, rama: drewno sosnowe i bukowe, poduszki: kulka silikonowa 100%, nogi: metal\/plastik<\/p>\n","protected":false},"featured_media":101922,"comment_status":"open","ping_status":"closed","template":"","meta":[],"product_brand":[],"product_cat":[189],"product_tag":[],"class_list":{"0":"post-101928","1":"product","2":"type-product","3":"status-publish","4":"has-post-thumbnail","6":"product_cat-ogrod","8":"first","9":"instock","10":"taxable","11":"shipping-taxable","12":"purchasable","13":"product-type-simple"},"_links":{"self":[{"href":"https:\/\/namarstyle.com\/es\/wp-json\/wp\/v2\/product\/101928","targetHints":{"allow":["GET"]}}],"collection":[{"href":"https:\/\/namarstyle.com\/es\/wp-json\/wp\/v2\/product"}],"about":[{"href":"https:\/\/namarstyle.com\/es\/wp-json\/wp\/v2\/types\/product"}],"replies":[{"embeddable":true,"href":"https:\/\/namarstyle.com\/es\/wp-json\/wp\/v2\/comments?post=101928"}],"version-history":[{"count":1,"href":"https:\/\/namarstyle.com\/es\/wp-json\/wp\/v2\/product\/101928\/revisions"}],"predecessor-version":[{"id":102325,"href":"https:\/\/namarstyle.com\/es\/wp-json\/wp\/v2\/product\/101928\/revisions\/102325"}],"wp:featuredmedia":[{"embeddable":true,"href":"https:\/\/namarstyle.com\/es\/wp-json\/wp\/v2\/media\/101922"}],"wp:attachment":[{"href":"https:\/\/namarstyle.com\/es\/wp-json\/wp\/v2\/media?parent=101928"}],"wp:term":[{"taxonomy":"product_brand","embeddable":true,"href":"https:\/\/namarstyle.com\/es\/wp-json\/wp\/v2\/product_brand?post=101928"},{"taxonomy":"product_cat","embeddable":true,"href":"https:\/\/namarstyle.com\/es\/wp-json\/wp\/v2\/product_cat?post=101928"},{"taxonomy":"product_tag","embeddable":true,"href":"https:\/\/namarstyle.com\/es\/wp-json\/wp\/v2\/product_tag?post=101928"}],"curies":[{"name":"wp","href":"https:\/\/api.w.org\/{rel}","templated":true}]}}