{"id":101702,"date":"2026-04-27T18:05:53","date_gmt":"2026-04-27T16:05:53","guid":{"rendered":"https:\/\/namarstyle.com\/product\/kanapa-sofa-dzeta-3dl\/"},"modified":"2026-04-29T18:09:21","modified_gmt":"2026-04-29T16:09:21","slug":"kanapa-sofa-dzeta-5","status":"publish","type":"product","link":"https:\/\/namarstyle.com\/es\/product\/kanapa-sofa-dzeta-5\/","title":{"rendered":"Kanapa sofa Dzeta"},"content":{"rendered":"<p>Powierzchnia spania: 140&#215;193, posiada pojemnik na po\u015bciel, \u0142adowno\u015b\u0107 120 kg na osob\u0119<\/p>\n","protected":false},"excerpt":{"rendered":"<p>Siedzisko: spr\u0119\u017cyna falista, stela\u017c: drewno sosnowe i bukowe, poduszki: 70% wi\u00f3ry pur + 30% kulka silikonowa, nogi: plastik<\/p>\n","protected":false},"featured_media":101697,"comment_status":"open","ping_status":"closed","template":"","meta":[],"product_brand":[],"product_cat":[231],"product_tag":[],"class_list":{"0":"post-101702","1":"product","2":"type-product","3":"status-publish","4":"has-post-thumbnail","6":"product_cat-sofy","8":"first","9":"instock","10":"taxable","11":"shipping-taxable","12":"purchasable","13":"product-type-simple"},"_links":{"self":[{"href":"https:\/\/namarstyle.com\/es\/wp-json\/wp\/v2\/product\/101702","targetHints":{"allow":["GET"]}}],"collection":[{"href":"https:\/\/namarstyle.com\/es\/wp-json\/wp\/v2\/product"}],"about":[{"href":"https:\/\/namarstyle.com\/es\/wp-json\/wp\/v2\/types\/product"}],"replies":[{"embeddable":true,"href":"https:\/\/namarstyle.com\/es\/wp-json\/wp\/v2\/comments?post=101702"}],"version-history":[{"count":2,"href":"https:\/\/namarstyle.com\/es\/wp-json\/wp\/v2\/product\/101702\/revisions"}],"predecessor-version":[{"id":102502,"href":"https:\/\/namarstyle.com\/es\/wp-json\/wp\/v2\/product\/101702\/revisions\/102502"}],"wp:featuredmedia":[{"embeddable":true,"href":"https:\/\/namarstyle.com\/es\/wp-json\/wp\/v2\/media\/101697"}],"wp:attachment":[{"href":"https:\/\/namarstyle.com\/es\/wp-json\/wp\/v2\/media?parent=101702"}],"wp:term":[{"taxonomy":"product_brand","embeddable":true,"href":"https:\/\/namarstyle.com\/es\/wp-json\/wp\/v2\/product_brand?post=101702"},{"taxonomy":"product_cat","embeddable":true,"href":"https:\/\/namarstyle.com\/es\/wp-json\/wp\/v2\/product_cat?post=101702"},{"taxonomy":"product_tag","embeddable":true,"href":"https:\/\/namarstyle.com\/es\/wp-json\/wp\/v2\/product_tag?post=101702"}],"curies":[{"name":"wp","href":"https:\/\/api.w.org\/{rel}","templated":true}]}}