{"id":101664,"date":"2026-04-27T18:05:00","date_gmt":"2026-04-27T16:05:00","guid":{"rendered":"https:\/\/namarstyle.com\/product\/kanapa-sofa-kristi-3dl\/"},"modified":"2026-04-29T18:11:25","modified_gmt":"2026-04-29T16:11:25","slug":"kanapa-sofa-kristi-4","status":"publish","type":"product","link":"https:\/\/namarstyle.com\/es\/product\/kanapa-sofa-kristi-4\/","title":{"rendered":"Kanapa sofa Kristi"},"content":{"rendered":"<p>Powierzchnia spania: 140&#215;200, posiada pojemnik na po\u015bciel, \u0142adowno\u015b\u0107 120 kg na osob\u0119<\/p>\n","protected":false},"excerpt":{"rendered":"<p>Siedzisko: spr\u0119\u017cyna falista, stela\u017c: drewno sosnowe i bukowe, poduszki: 70% wi\u00f3ry pur + 30% kulka silikonowa, nogi: drewno<\/p>\n","protected":false},"featured_media":101659,"comment_status":"open","ping_status":"closed","template":"","meta":[],"product_brand":[],"product_cat":[231],"product_tag":[],"class_list":{"0":"post-101664","1":"product","2":"type-product","3":"status-publish","4":"has-post-thumbnail","6":"product_cat-sofy","8":"first","9":"instock","10":"taxable","11":"shipping-taxable","12":"purchasable","13":"product-type-simple"},"_links":{"self":[{"href":"https:\/\/namarstyle.com\/es\/wp-json\/wp\/v2\/product\/101664","targetHints":{"allow":["GET"]}}],"collection":[{"href":"https:\/\/namarstyle.com\/es\/wp-json\/wp\/v2\/product"}],"about":[{"href":"https:\/\/namarstyle.com\/es\/wp-json\/wp\/v2\/types\/product"}],"replies":[{"embeddable":true,"href":"https:\/\/namarstyle.com\/es\/wp-json\/wp\/v2\/comments?post=101664"}],"version-history":[{"count":2,"href":"https:\/\/namarstyle.com\/es\/wp-json\/wp\/v2\/product\/101664\/revisions"}],"predecessor-version":[{"id":102508,"href":"https:\/\/namarstyle.com\/es\/wp-json\/wp\/v2\/product\/101664\/revisions\/102508"}],"wp:featuredmedia":[{"embeddable":true,"href":"https:\/\/namarstyle.com\/es\/wp-json\/wp\/v2\/media\/101659"}],"wp:attachment":[{"href":"https:\/\/namarstyle.com\/es\/wp-json\/wp\/v2\/media?parent=101664"}],"wp:term":[{"taxonomy":"product_brand","embeddable":true,"href":"https:\/\/namarstyle.com\/es\/wp-json\/wp\/v2\/product_brand?post=101664"},{"taxonomy":"product_cat","embeddable":true,"href":"https:\/\/namarstyle.com\/es\/wp-json\/wp\/v2\/product_cat?post=101664"},{"taxonomy":"product_tag","embeddable":true,"href":"https:\/\/namarstyle.com\/es\/wp-json\/wp\/v2\/product_tag?post=101664"}],"curies":[{"name":"wp","href":"https:\/\/api.w.org\/{rel}","templated":true}]}}