{"id":101510,"date":"2026-04-27T17:58:46","date_gmt":"2026-04-27T15:58:46","guid":{"rendered":"https:\/\/namarstyle.com\/product\/samoa-fuji-regal-z-biurkiem-pk-dab-sonoma-bialy-mat\/"},"modified":"2026-04-29T18:23:09","modified_gmt":"2026-04-29T16:23:09","slug":"samoa-fuji-regal-z-biurkiem-pk-dab-sonoma-bialy-mat","status":"publish","type":"product","link":"https:\/\/namarstyle.com\/es\/product\/samoa-fuji-regal-z-biurkiem-pk-dab-sonoma-bialy-mat\/","title":{"rendered":"Samoa\/Fuji - Rega\u0142 z Biurkiem [PK] D\u0105b sonoma \/ bia\u0142y mat"},"content":{"rendered":"<p>Funkcjonalne biurko zintegrowane z rega\u0142em, wykonane z wytrzyma\u0142ej p\u0142yty laminowanej o grubo\u015bci 16 mm. Szeroki blat zapewnia wygodne miejsce na komputer i dokumenty, a pionowy rega\u0142 z otwartymi p\u00f3\u0142kami u\u0142atwia przechowywanie ksi\u0105\u017cek, segregator\u00f3w i akcesori\u00f3w biurowych. Idealne rozwi\u0105zanie do pokoju m\u0142odzie\u017cowego, gabinetu lub domowego biura.<\/p>\n","protected":false},"excerpt":{"rendered":"<p>16mm, p\u0142yta laminowana<\/p>\n","protected":false},"featured_media":101503,"comment_status":"open","ping_status":"closed","template":"","meta":[],"product_brand":[],"product_cat":[386,233],"product_tag":[],"class_list":{"0":"post-101510","1":"product","2":"type-product","3":"status-publish","4":"has-post-thumbnail","6":"product_cat-biurka","7":"product_cat-meble-dzieciece","9":"first","10":"instock","11":"taxable","12":"shipping-taxable","13":"purchasable","14":"product-type-simple"},"_links":{"self":[{"href":"https:\/\/namarstyle.com\/es\/wp-json\/wp\/v2\/product\/101510","targetHints":{"allow":["GET"]}}],"collection":[{"href":"https:\/\/namarstyle.com\/es\/wp-json\/wp\/v2\/product"}],"about":[{"href":"https:\/\/namarstyle.com\/es\/wp-json\/wp\/v2\/types\/product"}],"replies":[{"embeddable":true,"href":"https:\/\/namarstyle.com\/es\/wp-json\/wp\/v2\/comments?post=101510"}],"version-history":[{"count":1,"href":"https:\/\/namarstyle.com\/es\/wp-json\/wp\/v2\/product\/101510\/revisions"}],"predecessor-version":[{"id":102532,"href":"https:\/\/namarstyle.com\/es\/wp-json\/wp\/v2\/product\/101510\/revisions\/102532"}],"wp:featuredmedia":[{"embeddable":true,"href":"https:\/\/namarstyle.com\/es\/wp-json\/wp\/v2\/media\/101503"}],"wp:attachment":[{"href":"https:\/\/namarstyle.com\/es\/wp-json\/wp\/v2\/media?parent=101510"}],"wp:term":[{"taxonomy":"product_brand","embeddable":true,"href":"https:\/\/namarstyle.com\/es\/wp-json\/wp\/v2\/product_brand?post=101510"},{"taxonomy":"product_cat","embeddable":true,"href":"https:\/\/namarstyle.com\/es\/wp-json\/wp\/v2\/product_cat?post=101510"},{"taxonomy":"product_tag","embeddable":true,"href":"https:\/\/namarstyle.com\/es\/wp-json\/wp\/v2\/product_tag?post=101510"}],"curies":[{"name":"wp","href":"https:\/\/api.w.org\/{rel}","templated":true}]}}