{"id":101444,"date":"2026-04-27T17:55:28","date_gmt":"2026-04-27T15:55:28","guid":{"rendered":"https:\/\/namarstyle.com\/product\/biurko-regulowane-bim-natural-desk-fornir-debowy-140x70x3-bialy-dab\/"},"modified":"2026-04-29T18:29:04","modified_gmt":"2026-04-29T16:29:04","slug":"biurko-regulowane-bim-natural-desk-fornir-debowy-bialy-dab-2","status":"publish","type":"product","link":"https:\/\/namarstyle.com\/es\/product\/biurko-regulowane-bim-natural-desk-fornir-debowy-bialy-dab-2\/","title":{"rendered":"Biurko regulowane BIM Natural Desk fornir d\u0119bowy bia\u0142y\/d\u0105b"},"content":{"rendered":"<p>Opis:<\/p>\n<p>- Blat wykonany z wyselekcjonowanego forniru d\u0119bowego, zabezpieczony ekologicznym impregnatem na bazie naturalnych olei<br \/>\n- Mo\u017cliwo\u015b\u0107 pracy na siedz\u0105co lub stoj\u0105co<br \/>\n- Funkcja regulacji oraz pami\u0119ci wysoko\u015bci<br \/>\n- Stabilny stela\u017c nie wywo\u0142uj\u0105cy drga\u0144<br \/>\n- System antykolizyjny \u2013 mechanizm podnoszenia biurka, zatrzyma si\u0119 natychmiast po napotkaniu przeszkody, wibracji lub przechyleniu blatu<br \/>\n- Sterownik uniwersalny, mo\u017cliwy do zamontowania w dowolnym miejscu po lewej lub prawej stronie<br \/>\n- Zabezpieczenie przed przegrzaniem mechanizmu \u2013 komunikat \u201eHOT\u201d na wy\u015bwietlaczu oznacza przegrzanie. System automatycznie zatrzyma operacj\u0119 na 18 min. odpoczynku, aby unikn\u0105\u0107 uszkodzenia silnika<br \/>\n- System wyposa\u017cony w blokad\u0119 rodzicielsk\u0105 \u2013 po aktywowaniu wszystkie funkcje przycisk\u00f3w s\u0105 wy\u0142\u0105czone<\/p>\n<p>Stela\u017c 2-silnikowy parametry:<\/p>\n<p>- Rodzaj nap\u0119du: podw\u00f3jny silnik<br \/>\n- Belka rozci\u0105gaj\u0105ca: rozsuwana<br \/>\n- Sterowanie: wy\u015bwietlacz LED z 3 pami\u0119ciami<br \/>\n- Funkcje: pami\u0119\u0107 wysoko\u015bci, blokada rodzicielska. system antykolizyjny<br \/>\n- No\u015bno\u015b\u0107: 100 kg<br \/>\n- Pr\u0119dko\u015b\u0107: 30 mm\/s<br \/>\n- Regulowana wysoko\u015b\u0107: 72-120 cm<br \/>\n- Regulowana szeroko\u015b\u0107: 105-170 cm<br \/>\n- Poziom ha\u0142asu: &lt;50 dB<br \/>\n- Napi\u0119cie wej\u015bciowe: AC110V-AC240V<br \/>\n- Kabel zasilaj\u0105cy<\/p>\n<p>Wymiar stela\u017ca:<\/p>\n<p>- Regulowana wysoko\u015b\u0107: 72-120 cm<\/p>\n<p>Fornirowane blaty pokryte s\u0105 naturalnym ekologicznym olejem. Z tego powodu nale\u017cy unika\u0107 stawiania na nich bezpo\u015brednio gor\u0105cych kubk\u00f3w i fili\u017canek. Drobne rysy i odbarwienia mo\u017cna naprawi\u0107 stosuj\u0105c specjalne oleje konserwacyjne.<\/p>\n","protected":false},"excerpt":{"rendered":"<p>- Stela\u017c: metalowa rama malowana proszkowo<br \/>\n- Blat: p\u0142yta wi\u00f3rowa oraz ob\u0142oga z naturalnego forniru d\u0119bowego, zabezpieczona impregnatem na bazie naturalnych olei<\/p>\n","protected":false},"featured_media":101439,"comment_status":"open","ping_status":"closed","template":"","meta":[],"product_brand":[],"product_cat":[386],"product_tag":[],"class_list":{"0":"post-101444","1":"product","2":"type-product","3":"status-publish","4":"has-post-thumbnail","6":"product_cat-biurka","8":"first","9":"instock","10":"taxable","11":"shipping-taxable","12":"purchasable","13":"product-type-simple"},"_links":{"self":[{"href":"https:\/\/namarstyle.com\/es\/wp-json\/wp\/v2\/product\/101444","targetHints":{"allow":["GET"]}}],"collection":[{"href":"https:\/\/namarstyle.com\/es\/wp-json\/wp\/v2\/product"}],"about":[{"href":"https:\/\/namarstyle.com\/es\/wp-json\/wp\/v2\/types\/product"}],"replies":[{"embeddable":true,"href":"https:\/\/namarstyle.com\/es\/wp-json\/wp\/v2\/comments?post=101444"}],"version-history":[{"count":2,"href":"https:\/\/namarstyle.com\/es\/wp-json\/wp\/v2\/product\/101444\/revisions"}],"predecessor-version":[{"id":102542,"href":"https:\/\/namarstyle.com\/es\/wp-json\/wp\/v2\/product\/101444\/revisions\/102542"}],"wp:featuredmedia":[{"embeddable":true,"href":"https:\/\/namarstyle.com\/es\/wp-json\/wp\/v2\/media\/101439"}],"wp:attachment":[{"href":"https:\/\/namarstyle.com\/es\/wp-json\/wp\/v2\/media?parent=101444"}],"wp:term":[{"taxonomy":"product_brand","embeddable":true,"href":"https:\/\/namarstyle.com\/es\/wp-json\/wp\/v2\/product_brand?post=101444"},{"taxonomy":"product_cat","embeddable":true,"href":"https:\/\/namarstyle.com\/es\/wp-json\/wp\/v2\/product_cat?post=101444"},{"taxonomy":"product_tag","embeddable":true,"href":"https:\/\/namarstyle.com\/es\/wp-json\/wp\/v2\/product_tag?post=101444"}],"curies":[{"name":"wp","href":"https:\/\/api.w.org\/{rel}","templated":true}]}}