{"id":101285,"date":"2026-04-27T17:47:36","date_gmt":"2026-04-27T15:47:36","guid":{"rendered":"https:\/\/namarstyle.com\/product\/biurko-rozkladane-regal-homi-bialy-mat-bialy-polysk\/"},"modified":"2026-04-29T18:39:08","modified_gmt":"2026-04-29T16:39:08","slug":"biurko-rozkladane-regal-homi-bialy-mat-bialy-polysk","status":"publish","type":"product","link":"https:\/\/namarstyle.com\/es\/product\/biurko-rozkladane-regal-homi-bialy-mat-bialy-polysk\/","title":{"rendered":"Biurko rozk\u0142adane rega\u0142 Homi bia\u0142y mat \/ bia\u0142y po\u0142ysk"},"content":{"rendered":"<p>Rozk\u0142adane cz\u0119\u015b\u0107 biurowe (blat do pracy),<br \/>\nDodatkowa rozk\u0142adana p\u00f3\u0142ka,<br \/>\n4 p\u00f3\u0142ki na dole (zamykane przez blat),<br \/>\nZamykana p\u00f3\u0142ka g\u00f3rna,<br \/>\nSi\u0142owniki gazowe teleskopowe u\u0142atwiaj\u0105ce otwieranie i zamykanie,<br \/>\nZawiasy z cichym domykiem,<br \/>\nMebel mocowany do \u015bciany,<br \/>\nObci\u0105\u017cenie dolnego blatu do 20 kg.<\/p>\n","protected":false},"excerpt":{"rendered":"<p>p\u0142yta laminated on both sides, 16 mm thick, HDF varnished, 3 mm thick, Edges covered with PVC 0.5 mm, Concealed hinges with soft-closing, Gas telescope N 60 - 2 pcs, Gas telescope N 120<\/p>\n","protected":false},"featured_media":101283,"comment_status":"open","ping_status":"closed","template":"","meta":[],"product_brand":[],"product_cat":[386],"product_tag":[],"class_list":{"0":"post-101285","1":"product","2":"type-product","3":"status-publish","4":"has-post-thumbnail","6":"product_cat-biurka","8":"first","9":"instock","10":"taxable","11":"shipping-taxable","12":"purchasable","13":"product-type-simple"},"_links":{"self":[{"href":"https:\/\/namarstyle.com\/es\/wp-json\/wp\/v2\/product\/101285","targetHints":{"allow":["GET"]}}],"collection":[{"href":"https:\/\/namarstyle.com\/es\/wp-json\/wp\/v2\/product"}],"about":[{"href":"https:\/\/namarstyle.com\/es\/wp-json\/wp\/v2\/types\/product"}],"replies":[{"embeddable":true,"href":"https:\/\/namarstyle.com\/es\/wp-json\/wp\/v2\/comments?post=101285"}],"version-history":[{"count":1,"href":"https:\/\/namarstyle.com\/es\/wp-json\/wp\/v2\/product\/101285\/revisions"}],"predecessor-version":[{"id":102566,"href":"https:\/\/namarstyle.com\/es\/wp-json\/wp\/v2\/product\/101285\/revisions\/102566"}],"wp:featuredmedia":[{"embeddable":true,"href":"https:\/\/namarstyle.com\/es\/wp-json\/wp\/v2\/media\/101283"}],"wp:attachment":[{"href":"https:\/\/namarstyle.com\/es\/wp-json\/wp\/v2\/media?parent=101285"}],"wp:term":[{"taxonomy":"product_brand","embeddable":true,"href":"https:\/\/namarstyle.com\/es\/wp-json\/wp\/v2\/product_brand?post=101285"},{"taxonomy":"product_cat","embeddable":true,"href":"https:\/\/namarstyle.com\/es\/wp-json\/wp\/v2\/product_cat?post=101285"},{"taxonomy":"product_tag","embeddable":true,"href":"https:\/\/namarstyle.com\/es\/wp-json\/wp\/v2\/product_tag?post=101285"}],"curies":[{"name":"wp","href":"https:\/\/api.w.org\/{rel}","templated":true}]}}