{"id":101280,"date":"2026-04-27T17:47:32","date_gmt":"2026-04-27T15:47:32","guid":{"rendered":"https:\/\/namarstyle.com\/product\/biurko-wiszace-rozkladane-muse-dab-sonoma\/"},"modified":"2026-04-29T18:41:36","modified_gmt":"2026-04-29T16:41:36","slug":"biurko-wiszace-rozkladane-muse-dab-sonoma","status":"publish","type":"product","link":"https:\/\/namarstyle.com\/es\/product\/biurko-wiszace-rozkladane-muse-dab-sonoma\/","title":{"rendered":"Biurko wisz\u0105ce rozk\u0142adane Muse d\u0105b sonoma"},"content":{"rendered":"<p>Rozk\u0142adane cz\u0119\u015b\u0107 biurowa (blat do pracy),<br \/>\nSi\u0142owniki gazowe teleskopowe u\u0142atwiaj\u0105ce otwieranie i zamykanie,<br \/>\nZawiasy z cichym domykiem,<br \/>\nMebel mocowany do \u015bciany, zawieszki metalowe,<br \/>\nObci\u0105\u017cenie blatu do 10 kg<\/p>\n","protected":false},"excerpt":{"rendered":"<p>p\u0142yta laminated on both sides, 16 mm thick, HDF varnished, 3 mm thick, Edges covered with PVC 0.5 mm, Concealed hinges with soft-closing, Gas telescope N 60 - 2 pcs, Gas telescope N 120<\/p>\n","protected":false},"featured_media":101278,"comment_status":"open","ping_status":"closed","template":"","meta":[],"product_brand":[],"product_cat":[386],"product_tag":[],"class_list":{"0":"post-101280","1":"product","2":"type-product","3":"status-publish","4":"has-post-thumbnail","6":"product_cat-biurka","8":"first","9":"instock","10":"taxable","11":"shipping-taxable","12":"purchasable","13":"product-type-simple"},"_links":{"self":[{"href":"https:\/\/namarstyle.com\/es\/wp-json\/wp\/v2\/product\/101280","targetHints":{"allow":["GET"]}}],"collection":[{"href":"https:\/\/namarstyle.com\/es\/wp-json\/wp\/v2\/product"}],"about":[{"href":"https:\/\/namarstyle.com\/es\/wp-json\/wp\/v2\/types\/product"}],"replies":[{"embeddable":true,"href":"https:\/\/namarstyle.com\/es\/wp-json\/wp\/v2\/comments?post=101280"}],"version-history":[{"count":1,"href":"https:\/\/namarstyle.com\/es\/wp-json\/wp\/v2\/product\/101280\/revisions"}],"predecessor-version":[{"id":102569,"href":"https:\/\/namarstyle.com\/es\/wp-json\/wp\/v2\/product\/101280\/revisions\/102569"}],"wp:featuredmedia":[{"embeddable":true,"href":"https:\/\/namarstyle.com\/es\/wp-json\/wp\/v2\/media\/101278"}],"wp:attachment":[{"href":"https:\/\/namarstyle.com\/es\/wp-json\/wp\/v2\/media?parent=101280"}],"wp:term":[{"taxonomy":"product_brand","embeddable":true,"href":"https:\/\/namarstyle.com\/es\/wp-json\/wp\/v2\/product_brand?post=101280"},{"taxonomy":"product_cat","embeddable":true,"href":"https:\/\/namarstyle.com\/es\/wp-json\/wp\/v2\/product_cat?post=101280"},{"taxonomy":"product_tag","embeddable":true,"href":"https:\/\/namarstyle.com\/es\/wp-json\/wp\/v2\/product_tag?post=101280"}],"curies":[{"name":"wp","href":"https:\/\/api.w.org\/{rel}","templated":true}]}}