{"id":101267,"date":"2026-04-27T17:47:01","date_gmt":"2026-04-27T15:47:01","guid":{"rendered":"https:\/\/namarstyle.com\/product\/biurko-wiszace-rozkladane-tilt-dab-sonoma\/"},"modified":"2026-04-29T18:42:59","modified_gmt":"2026-04-29T16:42:59","slug":"biurko-wiszace-rozkladane-tilt-dab-sonoma","status":"publish","type":"product","link":"https:\/\/namarstyle.com\/es\/product\/biurko-wiszace-rozkladane-tilt-dab-sonoma\/","title":{"rendered":"Biurko wisz\u0105ce rozk\u0142adane Tilt d\u0105b sonoma"},"content":{"rendered":"<p>Biurko mocowane do \u015bciany, wisz\u0105ce, sk\u0142adane,<br \/>\nPosiada 6 p\u00f3\u0142ek,<br \/>\nZamykane na kluczyk<\/p>\n","protected":false},"excerpt":{"rendered":"<p>p\u0142yta laminowana 16 mm, HDF p\u0142yta, ABS obrze\u017ca<\/p>\n","protected":false},"featured_media":101261,"comment_status":"open","ping_status":"closed","template":"","meta":[],"product_brand":[],"product_cat":[386],"product_tag":[],"class_list":{"0":"post-101267","1":"product","2":"type-product","3":"status-publish","4":"has-post-thumbnail","6":"product_cat-biurka","8":"first","9":"instock","10":"taxable","11":"shipping-taxable","12":"purchasable","13":"product-type-simple"},"_links":{"self":[{"href":"https:\/\/namarstyle.com\/es\/wp-json\/wp\/v2\/product\/101267","targetHints":{"allow":["GET"]}}],"collection":[{"href":"https:\/\/namarstyle.com\/es\/wp-json\/wp\/v2\/product"}],"about":[{"href":"https:\/\/namarstyle.com\/es\/wp-json\/wp\/v2\/types\/product"}],"replies":[{"embeddable":true,"href":"https:\/\/namarstyle.com\/es\/wp-json\/wp\/v2\/comments?post=101267"}],"version-history":[{"count":1,"href":"https:\/\/namarstyle.com\/es\/wp-json\/wp\/v2\/product\/101267\/revisions"}],"predecessor-version":[{"id":102574,"href":"https:\/\/namarstyle.com\/es\/wp-json\/wp\/v2\/product\/101267\/revisions\/102574"}],"wp:featuredmedia":[{"embeddable":true,"href":"https:\/\/namarstyle.com\/es\/wp-json\/wp\/v2\/media\/101261"}],"wp:attachment":[{"href":"https:\/\/namarstyle.com\/es\/wp-json\/wp\/v2\/media?parent=101267"}],"wp:term":[{"taxonomy":"product_brand","embeddable":true,"href":"https:\/\/namarstyle.com\/es\/wp-json\/wp\/v2\/product_brand?post=101267"},{"taxonomy":"product_cat","embeddable":true,"href":"https:\/\/namarstyle.com\/es\/wp-json\/wp\/v2\/product_cat?post=101267"},{"taxonomy":"product_tag","embeddable":true,"href":"https:\/\/namarstyle.com\/es\/wp-json\/wp\/v2\/product_tag?post=101267"}],"curies":[{"name":"wp","href":"https:\/\/api.w.org\/{rel}","templated":true}]}}