{"id":100919,"date":"2026-04-27T17:34:06","date_gmt":"2026-04-27T15:34:06","guid":{"rendered":"https:\/\/namarstyle.com\/product\/szafka-rtv-190-bialy-mat-bialy-polysk-opcja-led\/"},"modified":"2026-04-28T05:39:27","modified_gmt":"2026-04-28T03:39:27","slug":"szafka-rtv-bialy-mat-bialy-polysk-4","status":"publish","type":"product","link":"https:\/\/namarstyle.com\/es\/product\/szafka-rtv-bialy-mat-bialy-polysk-4\/","title":{"rendered":"Szafka RTV bia\u0142y mat \/ bia\u0142y po\u0142ysk"},"content":{"rendered":"<p>Szafka posiada dwa zamykane schowki, 3 otwarte p\u00f3\u0142ki oraz 2 p\u00f3\u0142ki szklane<\/p>\n","protected":false},"excerpt":{"rendered":"<p>p\u0142yta laminowana \/ MDF 16 mm, HDF p\u0142yta, ABS obrze\u017ca, wysoki po\u0142ysk fronty <\/p>\n","protected":false},"featured_media":100916,"comment_status":"open","ping_status":"closed","template":"","meta":[],"product_brand":[],"product_cat":[189],"product_tag":[],"class_list":{"0":"post-100919","1":"product","2":"type-product","3":"status-publish","4":"has-post-thumbnail","6":"product_cat-ogrod","8":"first","9":"instock","10":"taxable","11":"shipping-taxable","12":"purchasable","13":"product-type-simple"},"_links":{"self":[{"href":"https:\/\/namarstyle.com\/es\/wp-json\/wp\/v2\/product\/100919","targetHints":{"allow":["GET"]}}],"collection":[{"href":"https:\/\/namarstyle.com\/es\/wp-json\/wp\/v2\/product"}],"about":[{"href":"https:\/\/namarstyle.com\/es\/wp-json\/wp\/v2\/types\/product"}],"replies":[{"embeddable":true,"href":"https:\/\/namarstyle.com\/es\/wp-json\/wp\/v2\/comments?post=100919"}],"version-history":[{"count":1,"href":"https:\/\/namarstyle.com\/es\/wp-json\/wp\/v2\/product\/100919\/revisions"}],"predecessor-version":[{"id":102197,"href":"https:\/\/namarstyle.com\/es\/wp-json\/wp\/v2\/product\/100919\/revisions\/102197"}],"wp:featuredmedia":[{"embeddable":true,"href":"https:\/\/namarstyle.com\/es\/wp-json\/wp\/v2\/media\/100916"}],"wp:attachment":[{"href":"https:\/\/namarstyle.com\/es\/wp-json\/wp\/v2\/media?parent=100919"}],"wp:term":[{"taxonomy":"product_brand","embeddable":true,"href":"https:\/\/namarstyle.com\/es\/wp-json\/wp\/v2\/product_brand?post=100919"},{"taxonomy":"product_cat","embeddable":true,"href":"https:\/\/namarstyle.com\/es\/wp-json\/wp\/v2\/product_cat?post=100919"},{"taxonomy":"product_tag","embeddable":true,"href":"https:\/\/namarstyle.com\/es\/wp-json\/wp\/v2\/product_tag?post=100919"}],"curies":[{"name":"wp","href":"https:\/\/api.w.org\/{rel}","templated":true}]}}