{"id":100838,"date":"2026-04-27T17:31:20","date_gmt":"2026-04-27T15:31:20","guid":{"rendered":"https:\/\/namarstyle.com\/product\/szafka-rtv-duo-160-cm-wiszaca-panel-dab-artisan\/"},"modified":"2026-04-28T05:30:24","modified_gmt":"2026-04-28T03:30:24","slug":"szafka-rtv-duo-cm-wiszaca-panel-dab-artisan","status":"publish","type":"product","link":"https:\/\/namarstyle.com\/es\/product\/szafka-rtv-duo-cm-wiszaca-panel-dab-artisan\/","title":{"rendered":"Szafka RTV DUO cm wisz\u0105ca + panel d\u0105b artisan"},"content":{"rendered":"<p>Szafka wisz\u0105ca z cz\u0119\u015bci\u0105 le\u017c\u0105c\u0105,<br \/>\nDwa schowki otwierane do do\u0142u,<br \/>\nDwie otwarte p\u00f3\u0142ki<\/p>\n","protected":false},"excerpt":{"rendered":"<p>p\u0142yta laminowana 16 mm, HDF p\u0142yta, ABS obrze\u017ca<\/p>\n","protected":false},"featured_media":100834,"comment_status":"open","ping_status":"closed","template":"","meta":[],"product_brand":[],"product_cat":[189],"product_tag":[],"class_list":{"0":"post-100838","1":"product","2":"type-product","3":"status-publish","4":"has-post-thumbnail","6":"product_cat-ogrod","8":"first","9":"instock","10":"taxable","11":"shipping-taxable","12":"purchasable","13":"product-type-simple"},"_links":{"self":[{"href":"https:\/\/namarstyle.com\/es\/wp-json\/wp\/v2\/product\/100838","targetHints":{"allow":["GET"]}}],"collection":[{"href":"https:\/\/namarstyle.com\/es\/wp-json\/wp\/v2\/product"}],"about":[{"href":"https:\/\/namarstyle.com\/es\/wp-json\/wp\/v2\/types\/product"}],"replies":[{"embeddable":true,"href":"https:\/\/namarstyle.com\/es\/wp-json\/wp\/v2\/comments?post=100838"}],"version-history":[{"count":1,"href":"https:\/\/namarstyle.com\/es\/wp-json\/wp\/v2\/product\/100838\/revisions"}],"predecessor-version":[{"id":102175,"href":"https:\/\/namarstyle.com\/es\/wp-json\/wp\/v2\/product\/100838\/revisions\/102175"}],"wp:featuredmedia":[{"embeddable":true,"href":"https:\/\/namarstyle.com\/es\/wp-json\/wp\/v2\/media\/100834"}],"wp:attachment":[{"href":"https:\/\/namarstyle.com\/es\/wp-json\/wp\/v2\/media?parent=100838"}],"wp:term":[{"taxonomy":"product_brand","embeddable":true,"href":"https:\/\/namarstyle.com\/es\/wp-json\/wp\/v2\/product_brand?post=100838"},{"taxonomy":"product_cat","embeddable":true,"href":"https:\/\/namarstyle.com\/es\/wp-json\/wp\/v2\/product_cat?post=100838"},{"taxonomy":"product_tag","embeddable":true,"href":"https:\/\/namarstyle.com\/es\/wp-json\/wp\/v2\/product_tag?post=100838"}],"curies":[{"name":"wp","href":"https:\/\/api.w.org\/{rel}","templated":true}]}}