{"id":100833,"date":"2026-04-27T17:31:11","date_gmt":"2026-04-27T15:31:11","guid":{"rendered":"https:\/\/namarstyle.com\/product\/szafka-rtv-duo-160-cm-wiszaca-panel-bialy-mat\/"},"modified":"2026-04-28T05:30:24","modified_gmt":"2026-04-28T03:30:24","slug":"szafka-rtv-duo-cm-wiszaca-panel-bialy-mat","status":"publish","type":"product","link":"https:\/\/namarstyle.com\/es\/product\/szafka-rtv-duo-cm-wiszaca-panel-bialy-mat\/","title":{"rendered":"Szafka RTV DUO cm wisz\u0105ca + panel bia\u0142y mat"},"content":{"rendered":"<p>Szafka wisz\u0105ca z cz\u0119\u015bci\u0105 le\u017c\u0105c\u0105,<br \/>\nDwa schowki otwierane do do\u0142u,<br \/>\nDwie otwarte p\u00f3\u0142ki<\/p>\n","protected":false},"excerpt":{"rendered":"<p>p\u0142yta laminowana 16 mm, HDF p\u0142yta, ABS obrze\u017ca<\/p>\n","protected":false},"featured_media":100829,"comment_status":"open","ping_status":"closed","template":"","meta":[],"product_brand":[],"product_cat":[189],"product_tag":[],"class_list":{"0":"post-100833","1":"product","2":"type-product","3":"status-publish","4":"has-post-thumbnail","6":"product_cat-ogrod","8":"first","9":"instock","10":"taxable","11":"shipping-taxable","12":"purchasable","13":"product-type-simple"},"_links":{"self":[{"href":"https:\/\/namarstyle.com\/es\/wp-json\/wp\/v2\/product\/100833","targetHints":{"allow":["GET"]}}],"collection":[{"href":"https:\/\/namarstyle.com\/es\/wp-json\/wp\/v2\/product"}],"about":[{"href":"https:\/\/namarstyle.com\/es\/wp-json\/wp\/v2\/types\/product"}],"replies":[{"embeddable":true,"href":"https:\/\/namarstyle.com\/es\/wp-json\/wp\/v2\/comments?post=100833"}],"version-history":[{"count":1,"href":"https:\/\/namarstyle.com\/es\/wp-json\/wp\/v2\/product\/100833\/revisions"}],"predecessor-version":[{"id":102174,"href":"https:\/\/namarstyle.com\/es\/wp-json\/wp\/v2\/product\/100833\/revisions\/102174"}],"wp:featuredmedia":[{"embeddable":true,"href":"https:\/\/namarstyle.com\/es\/wp-json\/wp\/v2\/media\/100829"}],"wp:attachment":[{"href":"https:\/\/namarstyle.com\/es\/wp-json\/wp\/v2\/media?parent=100833"}],"wp:term":[{"taxonomy":"product_brand","embeddable":true,"href":"https:\/\/namarstyle.com\/es\/wp-json\/wp\/v2\/product_brand?post=100833"},{"taxonomy":"product_cat","embeddable":true,"href":"https:\/\/namarstyle.com\/es\/wp-json\/wp\/v2\/product_cat?post=100833"},{"taxonomy":"product_tag","embeddable":true,"href":"https:\/\/namarstyle.com\/es\/wp-json\/wp\/v2\/product_tag?post=100833"}],"curies":[{"name":"wp","href":"https:\/\/api.w.org\/{rel}","templated":true}]}}