{"id":100677,"date":"2026-04-27T17:26:55","date_gmt":"2026-04-27T15:26:55","guid":{"rendered":"https:\/\/namarstyle.com\/product\/szafka-rtv-aura-150-uniwersalna-wiszaca-czarny-mat-2\/"},"modified":"2026-04-28T05:30:25","modified_gmt":"2026-04-28T03:30:25","slug":"szafka-rtv-aura-uniwersalna-wiszaca-czarny-mat","status":"publish","type":"product","link":"https:\/\/namarstyle.com\/es\/product\/szafka-rtv-aura-uniwersalna-wiszaca-czarny-mat\/","title":{"rendered":"Szafka RTV AURA uniwersalna wisz\u0105ca czarny mat"},"content":{"rendered":"<p>Szafka uniwersalna, wisz\u0105ca lub stoj\u0105ca, do wyboru przy monta\u017cu,<br \/>\nPosiada dwie zamykane p\u00f3\u0142ki otwierane na boki,<br \/>\nPosiada jedn\u0105 zamykan\u0105 p\u00f3\u0142k\u0105 otwieran\u0105 do do\u0142u,<br \/>\nPosiada jedn\u0105 otwart\u0105 p\u00f3\u0142k\u0119,<br \/>\nPosiada otw\u00f3r na kable,<br \/>\nOpcjonalny cok\u00f3\u0142<\/p>\n","protected":false},"excerpt":{"rendered":"<p>p\u0142yta laminowana 16 mm, HDF p\u0142yta, ABS obrze\u017ca<\/p>\n","protected":false},"featured_media":100674,"comment_status":"open","ping_status":"closed","template":"","meta":[],"product_brand":[],"product_cat":[189],"product_tag":[],"class_list":{"0":"post-100677","1":"product","2":"type-product","3":"status-publish","4":"has-post-thumbnail","6":"product_cat-ogrod","8":"first","9":"instock","10":"taxable","11":"shipping-taxable","12":"purchasable","13":"product-type-simple"},"_links":{"self":[{"href":"https:\/\/namarstyle.com\/es\/wp-json\/wp\/v2\/product\/100677","targetHints":{"allow":["GET"]}}],"collection":[{"href":"https:\/\/namarstyle.com\/es\/wp-json\/wp\/v2\/product"}],"about":[{"href":"https:\/\/namarstyle.com\/es\/wp-json\/wp\/v2\/types\/product"}],"replies":[{"embeddable":true,"href":"https:\/\/namarstyle.com\/es\/wp-json\/wp\/v2\/comments?post=100677"}],"version-history":[{"count":1,"href":"https:\/\/namarstyle.com\/es\/wp-json\/wp\/v2\/product\/100677\/revisions"}],"predecessor-version":[{"id":102143,"href":"https:\/\/namarstyle.com\/es\/wp-json\/wp\/v2\/product\/100677\/revisions\/102143"}],"wp:featuredmedia":[{"embeddable":true,"href":"https:\/\/namarstyle.com\/es\/wp-json\/wp\/v2\/media\/100674"}],"wp:attachment":[{"href":"https:\/\/namarstyle.com\/es\/wp-json\/wp\/v2\/media?parent=100677"}],"wp:term":[{"taxonomy":"product_brand","embeddable":true,"href":"https:\/\/namarstyle.com\/es\/wp-json\/wp\/v2\/product_brand?post=100677"},{"taxonomy":"product_cat","embeddable":true,"href":"https:\/\/namarstyle.com\/es\/wp-json\/wp\/v2\/product_cat?post=100677"},{"taxonomy":"product_tag","embeddable":true,"href":"https:\/\/namarstyle.com\/es\/wp-json\/wp\/v2\/product_tag?post=100677"}],"curies":[{"name":"wp","href":"https:\/\/api.w.org\/{rel}","templated":true}]}}