{"id":100628,"date":"2026-04-27T17:25:43","date_gmt":"2026-04-27T15:25:43","guid":{"rendered":"https:\/\/namarstyle.com\/product\/szafka-rtv-diuna-2d1k-145-cm-czarny-mat-mdf-szpilka\/"},"modified":"2026-04-28T05:30:25","modified_gmt":"2026-04-28T03:30:25","slug":"szafka-rtv-diuna-cm-czarny-mat-mdf-szpilka-3","status":"publish","type":"product","link":"https:\/\/namarstyle.com\/es\/product\/szafka-rtv-diuna-cm-czarny-mat-mdf-szpilka-3\/","title":{"rendered":"Szafka RTV Diuna cm czarny mat MDF szpilka"},"content":{"rendered":"<p>Nowoczesna szafka pod telewizor o atrakcyjnych zdobionych frontach, na elegackich metalowych nogach w formie szpilek. Szafka cechuje si\u0119 wysok\u0105 stabilno\u015bci\u0105, wysok\u0105 jako\u015bci\u0105 wykonania oraz luksusowym wygl\u0105dem. Posiada trzy zamkni\u0119te p\u00f3\u0142ki oraz jedn\u0105 otwart\u0105, co zapewnia jej bardzo du\u017c\u0105 pojemno\u015b\u0107.<\/p>\n","protected":false},"excerpt":{"rendered":"<p>Korpus: p\u0142yta laminowana 16 mm, fronty: p\u0142yta MDF 16 mm, nogi: metal<\/p>\n","protected":false},"featured_media":100626,"comment_status":"open","ping_status":"closed","template":"","meta":[],"product_brand":[],"product_cat":[189],"product_tag":[],"class_list":{"0":"post-100628","1":"product","2":"type-product","3":"status-publish","4":"has-post-thumbnail","6":"product_cat-ogrod","8":"first","9":"instock","10":"taxable","11":"shipping-taxable","12":"purchasable","13":"product-type-simple"},"_links":{"self":[{"href":"https:\/\/namarstyle.com\/es\/wp-json\/wp\/v2\/product\/100628","targetHints":{"allow":["GET"]}}],"collection":[{"href":"https:\/\/namarstyle.com\/es\/wp-json\/wp\/v2\/product"}],"about":[{"href":"https:\/\/namarstyle.com\/es\/wp-json\/wp\/v2\/types\/product"}],"replies":[{"embeddable":true,"href":"https:\/\/namarstyle.com\/es\/wp-json\/wp\/v2\/comments?post=100628"}],"version-history":[{"count":1,"href":"https:\/\/namarstyle.com\/es\/wp-json\/wp\/v2\/product\/100628\/revisions"}],"predecessor-version":[{"id":102135,"href":"https:\/\/namarstyle.com\/es\/wp-json\/wp\/v2\/product\/100628\/revisions\/102135"}],"wp:featuredmedia":[{"embeddable":true,"href":"https:\/\/namarstyle.com\/es\/wp-json\/wp\/v2\/media\/100626"}],"wp:attachment":[{"href":"https:\/\/namarstyle.com\/es\/wp-json\/wp\/v2\/media?parent=100628"}],"wp:term":[{"taxonomy":"product_brand","embeddable":true,"href":"https:\/\/namarstyle.com\/es\/wp-json\/wp\/v2\/product_brand?post=100628"},{"taxonomy":"product_cat","embeddable":true,"href":"https:\/\/namarstyle.com\/es\/wp-json\/wp\/v2\/product_cat?post=100628"},{"taxonomy":"product_tag","embeddable":true,"href":"https:\/\/namarstyle.com\/es\/wp-json\/wp\/v2\/product_tag?post=100628"}],"curies":[{"name":"wp","href":"https:\/\/api.w.org\/{rel}","templated":true}]}}