{"id":100550,"date":"2026-04-27T17:18:32","date_gmt":"2026-04-27T15:18:32","guid":{"rendered":"https:\/\/namarstyle.com\/product\/komoda-rtv-petra-182-4d-bialy-mat\/"},"modified":"2026-04-28T05:21:46","modified_gmt":"2026-04-28T03:21:46","slug":"komoda-rtv-petra-bialy-mat","status":"publish","type":"product","link":"https:\/\/namarstyle.com\/es\/product\/komoda-rtv-petra-bialy-mat\/","title":{"rendered":"Komoda RTV Petra bia\u0142y mat"},"content":{"rendered":"<p>Mebel czterodrzwiowy<br \/>\nP\u00f3\u0142ki wewn\u0119trzne<br \/>\nFrezowane fronty i boki mebla<br \/>\nMetalowe n\u00f3\u017cki<br \/>\nMetalowe uchwyty<\/p>\n","protected":false},"excerpt":{"rendered":"<p>Blaty: p\u0142yta laminowana 16 mm, boki i fronty: p\u0142yta MDF 16 mm dekoracyjne frezy, n\u00f3\u017cki: metal<\/p>\n","protected":false},"featured_media":102386,"comment_status":"open","ping_status":"closed","template":"","meta":[],"product_brand":[],"product_cat":[189],"product_tag":[],"class_list":{"0":"post-100550","1":"product","2":"type-product","3":"status-publish","4":"has-post-thumbnail","6":"product_cat-ogrod","8":"first","9":"instock","10":"taxable","11":"shipping-taxable","12":"purchasable","13":"product-type-simple"},"_links":{"self":[{"href":"https:\/\/namarstyle.com\/es\/wp-json\/wp\/v2\/product\/100550","targetHints":{"allow":["GET"]}}],"collection":[{"href":"https:\/\/namarstyle.com\/es\/wp-json\/wp\/v2\/product"}],"about":[{"href":"https:\/\/namarstyle.com\/es\/wp-json\/wp\/v2\/types\/product"}],"replies":[{"embeddable":true,"href":"https:\/\/namarstyle.com\/es\/wp-json\/wp\/v2\/comments?post=100550"}],"version-history":[{"count":1,"href":"https:\/\/namarstyle.com\/es\/wp-json\/wp\/v2\/product\/100550\/revisions"}],"predecessor-version":[{"id":102083,"href":"https:\/\/namarstyle.com\/es\/wp-json\/wp\/v2\/product\/100550\/revisions\/102083"}],"wp:featuredmedia":[{"embeddable":true,"href":"https:\/\/namarstyle.com\/es\/wp-json\/"}],"wp:attachment":[{"href":"https:\/\/namarstyle.com\/es\/wp-json\/wp\/v2\/media?parent=100550"}],"wp:term":[{"taxonomy":"product_brand","embeddable":true,"href":"https:\/\/namarstyle.com\/es\/wp-json\/wp\/v2\/product_brand?post=100550"},{"taxonomy":"product_cat","embeddable":true,"href":"https:\/\/namarstyle.com\/es\/wp-json\/wp\/v2\/product_cat?post=100550"},{"taxonomy":"product_tag","embeddable":true,"href":"https:\/\/namarstyle.com\/es\/wp-json\/wp\/v2\/product_tag?post=100550"}],"curies":[{"name":"wp","href":"https:\/\/api.w.org\/{rel}","templated":true}]}}