{"id":100510,"date":"2026-04-27T16:54:25","date_gmt":"2026-04-27T14:54:25","guid":{"rendered":"https:\/\/namarstyle.com\/product\/szafka-rtv-petra-180-2d1s-bialy-mat\/"},"modified":"2026-04-28T04:31:37","modified_gmt":"2026-04-28T02:31:37","slug":"szafka-rtv-petra-bialy-mat","status":"publish","type":"product","link":"https:\/\/namarstyle.com\/es\/product\/szafka-rtv-petra-bialy-mat\/","title":{"rendered":"Szafka RTV Petra bia\u0142y mat"},"content":{"rendered":"<p>Mebel dwudrzwiowy<br \/>\nSzuflada<br \/>\nOtwarta p\u00f3\u0142ka<br \/>\nFrezowane fronty i boki mebla<br \/>\nMetalowe n\u00f3\u017cki<br \/>\nMetalowe uchwyty<\/p>\n","protected":false},"excerpt":{"rendered":"<p>Blaty: p\u0142yta laminowana 16 mm, boki i fronty: p\u0142yta MDF 16 mm dekoracyjne frezy, n\u00f3\u017cki: metal<\/p>\n","protected":false},"featured_media":102380,"comment_status":"open","ping_status":"closed","template":"","meta":[],"product_brand":[],"product_cat":[189],"product_tag":[],"class_list":{"0":"post-100510","1":"product","2":"type-product","3":"status-publish","4":"has-post-thumbnail","6":"product_cat-ogrod","8":"first","9":"instock","10":"taxable","11":"shipping-taxable","12":"purchasable","13":"product-type-simple"},"_links":{"self":[{"href":"https:\/\/namarstyle.com\/es\/wp-json\/wp\/v2\/product\/100510","targetHints":{"allow":["GET"]}}],"collection":[{"href":"https:\/\/namarstyle.com\/es\/wp-json\/wp\/v2\/product"}],"about":[{"href":"https:\/\/namarstyle.com\/es\/wp-json\/wp\/v2\/types\/product"}],"replies":[{"embeddable":true,"href":"https:\/\/namarstyle.com\/es\/wp-json\/wp\/v2\/comments?post=100510"}],"version-history":[{"count":1,"href":"https:\/\/namarstyle.com\/es\/wp-json\/wp\/v2\/product\/100510\/revisions"}],"predecessor-version":[{"id":100533,"href":"https:\/\/namarstyle.com\/es\/wp-json\/wp\/v2\/product\/100510\/revisions\/100533"}],"wp:featuredmedia":[{"embeddable":true,"href":"https:\/\/namarstyle.com\/es\/wp-json\/"}],"wp:attachment":[{"href":"https:\/\/namarstyle.com\/es\/wp-json\/wp\/v2\/media?parent=100510"}],"wp:term":[{"taxonomy":"product_brand","embeddable":true,"href":"https:\/\/namarstyle.com\/es\/wp-json\/wp\/v2\/product_brand?post=100510"},{"taxonomy":"product_cat","embeddable":true,"href":"https:\/\/namarstyle.com\/es\/wp-json\/wp\/v2\/product_cat?post=100510"},{"taxonomy":"product_tag","embeddable":true,"href":"https:\/\/namarstyle.com\/es\/wp-json\/wp\/v2\/product_tag?post=100510"}],"curies":[{"name":"wp","href":"https:\/\/api.w.org\/{rel}","templated":true}]}}