{"id":29795,"date":"2025-05-11T15:57:30","date_gmt":"2025-05-11T13:57:30","guid":{"rendered":"https:\/\/namarstyle.com\/politica-de-privacidad-2\/"},"modified":"2025-10-13T20:33:27","modified_gmt":"2025-10-13T18:33:27","slug":"politica-de-privacidad-2","status":"publish","type":"page","link":"https:\/\/namarstyle.com\/es\/politica-de-privacidad-2\/","title":{"rendered":"Pol\u00edtica de privacidad"},"content":{"rendered":"\n<h3 class=\"wp-block-heading has-medium-font-size\"><strong>POL\u00cdTICA DE PRIVACIDAD DE LA TIENDA NAMARSTYLE<\/strong><\/h3>\n\n<p><strong>Fecha de la \u00faltima actualizaci\u00f3n: 22.07.2025 r.<\/strong><\/p>\n\n<h3 class=\"wp-block-heading\">1. Informaci\u00f3n general<\/h3>\n\n<p>La presente Pol\u00edtica de Privacidad establece las normas para el tratamiento de datos personales y el uso de cookies por parte de la tienda online <strong>NamarStyle<\/strong> gestionada por Marcel Ol\u0119dzki, que opera bajo el nombre de <strong>Namarstyle Marcel Ol\u0119dzki<\/strong>, NIP: 8722454944, REGON: 542064960, con domicilio social en <strong>Borowa 182, 39-215 Czarna, Polonia<\/strong>.<\/p>\n\n<h3 class=\"wp-block-heading\">2 Responsable del tratamiento<\/h3>\n\n<p>El administrador de los datos personales es Marcel Ol\u0119dzki, que opera bajo el nombre de <strong>Namarstyle Marcel Ol\u0119dzki<\/strong>.<br\/>En asuntos relacionados con la protecci\u00f3n de datos personales, ponte en contacto con nosotros en la siguiente direcci\u00f3n de correo electr\u00f3nico: <strong>\n  <a>contact@namarstyle.com<\/a>\n<\/strong>con la nota \u00abProtecci\u00f3n de datos\".<\/p>\n\n<h3 class=\"wp-block-heading\">3 Fines y motivos del tratamiento de datos<\/h3>\n\n<p>Los datos personales se tratan de conformidad con el art\u00edculo 6, apartado 1, del RODO para los siguientes fines:  <\/p>\n\n<ul class=\"wp-block-list\">\n<li>la ejecuci\u00f3n del contrato de venta, la gesti\u00f3n de cuentas y los pedidos (art\u00edculo 6.1.b)),<\/li>\n\n\n\n<li>el cumplimiento de las obligaciones fiscales, contables, de garant\u00eda y de reclamaci\u00f3n (art\u00edculo 6, apartado 1, letra c)),<\/li>\n\n\n\n<li>mantener correspondencia, consultas y contactos (art\u00edculo 6.1.f)),<\/li>\n\n\n\n<li>garantizar el funcionamiento de la tienda y la seguridad de los sistemas (art\u00edculo 6, apartado 1, letra f)),<\/li>\n\n\n\n<li>marketing - \u00fanicamente sobre la base del consentimiento (Art\u00edculo 6(1)(a)).<\/li>\n<\/ul>\n\n<p><strong>Nota:<\/strong> Las reclamaciones s\u00f3lo se tramitan sobre la base de  <strong>Art\u00edculo 6.1.b) y c) RODO  <\/strong>  (de acuerdo con la normativa).<\/p>\n\n<h3 class=\"wp-block-heading\">4 \u00c1mbito del tratamiento de datos<\/h3>\n\n<p>En funci\u00f3n de la finalidad del tratamiento, recogemos los siguientes datos:<\/p>\n\n<ul class=\"wp-block-list\">\n<li>nombre,<\/li>\n\n\n\n<li>direcci\u00f3n de correo electr\u00f3nico y n\u00famero de tel\u00e9fono (tambi\u00e9n con fines de contacto comercial),<\/li>\n\n\n\n<li>direcci\u00f3n de entrega y facturaci\u00f3n,<\/li>\n\n\n\n<li>datos de la factura (si procede),<\/li>\n\n\n\n<li>datos de pago, historial de pedidos y estado de las entregas,<\/li>\n\n\n\n<li>datos de la cuenta de usuario,<\/li>\n\n\n\n<li>los datos contenidos en la correspondencia enviada.<\/li>\n<\/ul>\n\n<p><strong>No procesamos datos sensibles<\/strong> (por ejemplo, de salud, gen\u00e9ticos). Si se env\u00edan accidentalmente, se borrar\u00e1n inmediatamente. <\/p>\n\n<h3 class=\"wp-block-heading\">5 Destinatarios y tratamiento de los datos<\/h3>\n\n<p>Los datos personales pueden ser compartidos:<\/p>\n\n<ul class=\"wp-block-list\">\n<li>empresas de mensajer\u00eda que entregan pedidos (por ejemplo, DPD, InPost, GLS),<\/li>\n\n\n\n<li>operadores de pago (por ejemplo, Przelewy24, PayU, Klarna, Stripe),<\/li>\n\n\n\n<li>proveedores externos de dropshipping (que act\u00faan como controladores de datos independientes),<\/li>\n\n\n\n<li>entidades que procesan datos en nuestro nombre sobre la base de un acuerdo de encargo de datos (de conformidad con el art\u00edculo 28 RODO), por ejemplo, empresas de contabilidad, proveedores de alojamiento, agencias de TI,<\/li>\n\n\n\n<li>a las autoridades p\u00fablicas, si ello se deriva de una obligaci\u00f3n legal.<\/li>\n<\/ul>\n\n<p>Los datos no se transfieren fuera del EEE a menos que sea necesario, de conformidad con los art\u00edculos 46-49 RODO y se garantice (por ejemplo, cl\u00e1usulas contractuales est\u00e1ndar). <\/p>\n\n<h3 class=\"wp-block-heading\">6 Tiempo de almacenamiento de datos<\/h3>\n\n<p>Almacenamos los datos:<\/p>\n\n<ul class=\"wp-block-list\">\n<li>hasta que se elimine la cuenta de usuario,<\/li>\n\n\n\n<li>durante 5 a\u00f1os a efectos fiscales y contables,<\/li>\n\n\n\n<li>al plazo de prescripci\u00f3n de las acciones civiles (normalmente 6 a\u00f1os),<\/li>\n\n\n\n<li>hasta que retires tu consentimiento - en el caso de datos tratados sobre la base del consentimiento de marketing.<\/li>\n<\/ul>\n\n<p>Tras estos periodos, los datos se eliminan o se convierten en an\u00f3nimos.<\/p>\n\n<h3 class=\"wp-block-heading\">7 Derechos de los interesados<\/h3>\n\n<p>Tienes derecho a:<\/p>\n\n<ul class=\"wp-block-list\">\n<li>acceso a sus datos,<\/li>\n\n\n\n<li>su rectificaci\u00f3n,<\/li>\n\n\n\n<li>supresi\u00f3n (\u00abderecho al olvido\"),<\/li>\n\n\n\n<li>limitaci\u00f3n del tratamiento,<\/li>\n\n\n\n<li>transferencia de datos a otro responsable del tratamiento,<\/li>\n\n\n\n<li>oponerte al tratamiento,<\/li>\n\n\n\n<li>retirar el consentimiento en cualquier momento.<\/li>\n<\/ul>\n\n<p><strong>Retirar el consentimiento a la comercializaci\u00f3n:<\/strong> puedes hacerlo haciendo clic en \u00abMe excluyo\" en el pie de p\u00e1gina del mensaje de comercializaci\u00f3n o escribiendo a: <strong>\n  <a>contact@namarstyle.com<\/a>\n<\/strong><\/p>\n\n<p><strong>Actualizaci\u00f3n de datos:<\/strong> Para actualizar tus datos, inicia sesi\u00f3n en tu cuenta o escribe un mensaje al correo electr\u00f3nico anterior.<\/p>\n\n<p><strong>Tambi\u00e9n tienes derecho a presentar una reclamaci\u00f3n ante el Presidente de la Autoridad de Protecci\u00f3n de Datos<a>(https:\/\/uodo.gov.pl).<\/a><\/strong>.<\/p>\n\n<h3 class=\"wp-block-heading\">8 Toma de decisiones autom\u00e1tica<\/h3>\n\n<p><strong>No utilizamos la toma de decisiones automatizada, incluida la elaboraci\u00f3n de perfiles<\/strong>, que pueda producir efectos jur\u00eddicos o afectarte materialmente.<\/p>\n\n<h3 class=\"wp-block-heading\">9 Galletas<\/h3>\n\n<p>El sitio web utiliza cookies para:<\/p>\n\n<ul class=\"wp-block-list\">\n<li>para garantizar el correcto funcionamiento y las sesiones de inicio de sesi\u00f3n,<\/li>\n\n\n\n<li>Recordar los ajustes del usuario,<\/li>\n\n\n\n<li>seguridad del formulario (por ejemplo, CAPTCHA).<\/li>\n<\/ul>\n\n<p>La base legal para el uso de cookies es el Art\u00edculo 6(1)(f) RODO (inter\u00e9s leg\u00edtimo del administrador).<br\/>El usuario puede gestionar las cookies en la configuraci\u00f3n del navegador.<br\/>Si se introducen cookies anal\u00edticas o de marketing - se implementar\u00e1 un banner de consentimiento de acuerdo con RODO y ePrivacy.  <\/p>\n\n<h3 class=\"wp-block-heading\">10 Modificaciones de la Pol\u00edtica<\/h3>\n\n<p>Nos reservamos el derecho a realizar cambios. La versi\u00f3n actual del documento est\u00e1 siempre disponible en el sitio web de la tienda.<br\/>Te informaremos de los cambios significativos mediante un anuncio por separado o por correo electr\u00f3nico. <\/p>\n\n<h3 class=\"wp-block-heading\">11 Contacto<\/h3>\n\n<p>Para cuestiones de protecci\u00f3n de datos, ponte en contacto con<br\/><strong>\n  <a>contact@namarstyle.com<\/a>\n<\/strong> (marcado como \u00abProtecci\u00f3n de datos\").<\/p>\n\n<p><\/p>\n","protected":false},"excerpt":{"rendered":"<p>POL\u00cdTICA DE PRIVACIDAD DE LA TIENDA NAMARSTYLE Fecha de la \u00faltima actualizaci\u00f3n: 22.07.2025 r. 1. Informaci\u00f3n general La presente Pol\u00edtica<\/p>\n","protected":false},"author":1,"featured_media":0,"parent":0,"menu_order":0,"comment_status":"closed","ping_status":"closed","template":"","meta":{"footnotes":""},"class_list":["post-29795","page","type-page","status-publish","hentry"],"_links":{"self":[{"href":"https:\/\/namarstyle.com\/es\/wp-json\/wp\/v2\/pages\/29795","targetHints":{"allow":["GET"]}}],"collection":[{"href":"https:\/\/namarstyle.com\/es\/wp-json\/wp\/v2\/pages"}],"about":[{"href":"https:\/\/namarstyle.com\/es\/wp-json\/wp\/v2\/types\/page"}],"author":[{"embeddable":true,"href":"https:\/\/namarstyle.com\/es\/wp-json\/wp\/v2\/users\/1"}],"replies":[{"embeddable":true,"href":"https:\/\/namarstyle.com\/es\/wp-json\/wp\/v2\/comments?post=29795"}],"version-history":[{"count":2,"href":"https:\/\/namarstyle.com\/es\/wp-json\/wp\/v2\/pages\/29795\/revisions"}],"predecessor-version":[{"id":55251,"href":"https:\/\/namarstyle.com\/es\/wp-json\/wp\/v2\/pages\/29795\/revisions\/55251"}],"wp:attachment":[{"href":"https:\/\/namarstyle.com\/es\/wp-json\/wp\/v2\/media?parent=29795"}],"curies":[{"name":"wp","href":"https:\/\/api.w.org\/{rel}","templated":true}]}}