{"id":29789,"date":"2025-06-10T14:12:48","date_gmt":"2025-06-10T12:12:48","guid":{"rendered":"https:\/\/namarstyle.com\/sobre-nosotros\/"},"modified":"2025-09-01T19:25:14","modified_gmt":"2025-09-01T17:25:14","slug":"quienes-somos","status":"publish","type":"page","link":"https:\/\/namarstyle.com\/es\/quienes-somos\/","title":{"rendered":"Quienes Somos"},"content":{"rendered":"\t\t<div data-elementor-type=\"wp-page\" data-elementor-id=\"29789\" class=\"elementor elementor-29789 elementor-28907\">\n\t\t\t\t<div class=\"wd-negative-gap elementor-element elementor-element-7c0bc545 e-flex e-con-boxed e-con e-parent\" data-id=\"7c0bc545\" data-element_type=\"container\" data-e-type=\"container\">\n\t\t\t\t\t<div class=\"e-con-inner\">\n\t\t\t\t<div class=\"elementor-element elementor-element-5c615e44 color-scheme-inherit text-left elementor-widget elementor-widget-text-editor\" data-id=\"5c615e44\" data-element_type=\"widget\" data-e-type=\"widget\" data-widget_type=\"text-editor.default\">\n\t\t\t\t<div class=\"elementor-widget-container\">\n\t\t\t\t\t\t\t\t\t\n<p class=\"has-medium-font-size\">Creamos NamarStyle un par de j\u00f3venes apasionados por los interiores bellos y la vida en armon\u00eda con la naturaleza.<br>Nos encanta combinar estilo, comodidad y funcionalidad, por eso en nuestra tienda encontrar\u00e1s muebles y accesorios cuidadosamente seleccionados que transformar\u00e1n tu espacio.<\/p>\n\n<p class=\"has-medium-font-size\">Creemos que un hogar es algo m\u00e1s que cuatro paredes: es un lugar que debe inspirarte, envolverte y hacer que simplemente quieras estar.<\/p>\n\n<p class=\"has-medium-font-size\">Bienvenido al mundo de NamarStyle, \u00a1ponte c\u00f3modo!<\/p>\n\n<p> <\/p>\n\t\t\t\t\t\t\t\t<\/div>\n\t\t\t\t<\/div>\n\t\t\t\t\t<\/div>\n\t\t\t\t<\/div>\n\t\t\t\t<\/div>\n\t\t","protected":false},"excerpt":{"rendered":"<p>Creamos NamarStyle un par de j\u00f3venes apasionados por los interiores bellos y la vida en armon\u00eda con la naturaleza.Nos encanta<\/p>\n","protected":false},"author":1,"featured_media":0,"parent":0,"menu_order":0,"comment_status":"closed","ping_status":"closed","template":"","meta":{"footnotes":""},"class_list":["post-29789","page","type-page","status-publish","hentry"],"_links":{"self":[{"href":"https:\/\/namarstyle.com\/es\/wp-json\/wp\/v2\/pages\/29789","targetHints":{"allow":["GET"]}}],"collection":[{"href":"https:\/\/namarstyle.com\/es\/wp-json\/wp\/v2\/pages"}],"about":[{"href":"https:\/\/namarstyle.com\/es\/wp-json\/wp\/v2\/types\/page"}],"author":[{"embeddable":true,"href":"https:\/\/namarstyle.com\/es\/wp-json\/wp\/v2\/users\/1"}],"replies":[{"embeddable":true,"href":"https:\/\/namarstyle.com\/es\/wp-json\/wp\/v2\/comments?post=29789"}],"version-history":[{"count":0,"href":"https:\/\/namarstyle.com\/es\/wp-json\/wp\/v2\/pages\/29789\/revisions"}],"wp:attachment":[{"href":"https:\/\/namarstyle.com\/es\/wp-json\/wp\/v2\/media?parent=29789"}],"curies":[{"name":"wp","href":"https:\/\/api.w.org\/{rel}","templated":true}]}}